{"id":800,"date":"2025-01-10T18:27:22","date_gmt":"2025-01-10T16:27:22","guid":{"rendered":"https:\/\/catalogues.salvador-dali.org\/catalogues\/intro\/"},"modified":"2025-03-05T17:12:54","modified_gmt":"2025-03-05T15:12:54","slug":"intro","status":"publish","type":"page","link":"https:\/\/catalogues.salvador-dali.org\/catalogues\/fr\/catalogue-raisonne-sculpture\/intro\/","title":{"rendered":"Au sujet du Catalogue Raisonn\u00e9"},"content":{"rendered":"\n<p>Le <em>Catalogue Raisonn\u00e9 de Sculpture et \u0152uvre tridimensionnelle de Salvador Dal\u00ed<\/em> est une publication num\u00e9rique recensant l&rsquo;\u0153uvre sculpturale originale de l&rsquo;artiste. Cette publication a pour r\u00e9f\u00e9rence le <a href=\"https:\/\/www.salvador-dali.org\/fr\/oeuvre\/catalogue-raisonne-peinture\/\"><em>Catalogue Raisonn\u00e9 de Peintures de Salvador Dal\u00ed<\/em><\/a>, dont la structure et la pr\u00e9sentation ont \u00e9t\u00e9 adapt\u00e9es aux caract\u00e9ristiques propres \u00e0 l&rsquo;\u0153uvre tridimensionnelle. Avec ce catalogue raisonn\u00e9, la Fundaci\u00f3 Gala-Salvador Dal\u00ed entend pr\u00e9senter et analyser une autre facette de Dal\u00ed, celle de l&rsquo;artiste sculpteur, pour en faire conna\u00eetre l&rsquo;int\u00e9r\u00eat et la singularit\u00e9.<\/p>\n\n\n\n<p><\/p>\n","protected":false},"excerpt":{"rendered":"<p>Le Catalogue Raisonn\u00e9 de Sculpture et \u0152uvre tridimensionnelle de Salvador Dal\u00ed est une publication num\u00e9rique recensant l&rsquo;\u0153uvre sculpturale originale de l&rsquo;artiste. Cette publication a pour r\u00e9f\u00e9rence le Catalogue Raisonn\u00e9 de Peintures de Salvador Dal\u00ed, dont la structure et la pr\u00e9sentation ont \u00e9t\u00e9 adapt\u00e9es aux caract\u00e9ristiques propres \u00e0 l&rsquo;\u0153uvre tridimensionnelle. Avec ce catalogue raisonn\u00e9, la Fundaci\u00f3 [&hellip;]<\/p>\n","protected":false},"author":1,"featured_media":181,"parent":811,"menu_order":0,"comment_status":"closed","ping_status":"closed","template":"page-sobre-raonat.php","meta":{"_acf_changed":false,"_coblocks_attr":"","_coblocks_dimensions":"","_coblocks_responsive_height":"","_coblocks_accordion_ie_support":"","footnotes":""},"categories":[],"tags":[],"class_list":["post-800","page","type-page","status-publish","has-post-thumbnail","hentry"],"acf":[],"yoast_head":"<!-- This site is optimized with the Yoast SEO plugin v27.5 - https:\/\/yoast.com\/product\/yoast-seo-wordpress\/ -->\n<title>Au sujet du Catalogue Raisonn\u00e9 | Fundaci\u00f3 Gala - Salvador Dal\u00ed<\/title>\n<meta name=\"robots\" content=\"index, follow, max-snippet:-1, max-image-preview:large, max-video-preview:-1\" \/>\n<link rel=\"canonical\" href=\"https:\/\/catalogues.salvador-dali.org\/catalogues\/fr\/catalogue-raisonne-sculpture\/intro\/\" \/>\n<meta property=\"og:locale\" content=\"fr_FR\" \/>\n<meta property=\"og:type\" content=\"article\" \/>\n<meta property=\"og:title\" content=\"Au sujet du Catalogue Raisonn\u00e9 | Fundaci\u00f3 Gala - Salvador Dal\u00ed\" \/>\n<meta property=\"og:description\" content=\"Le Catalogue Raisonn\u00e9 de Sculpture et \u0152uvre tridimensionnelle de Salvador Dal\u00ed est une publication num\u00e9rique recensant l&rsquo;\u0153uvre sculpturale originale de l&rsquo;artiste. Cette publication a pour r\u00e9f\u00e9rence le Catalogue Raisonn\u00e9 de Peintures de Salvador Dal\u00ed, dont la structure et la pr\u00e9sentation ont \u00e9t\u00e9 adapt\u00e9es aux caract\u00e9ristiques propres \u00e0 l&rsquo;\u0153uvre tridimensionnelle. Avec ce catalogue raisonn\u00e9, la Fundaci\u00f3 [&hellip;]\" \/>\n<meta property=\"og:url\" content=\"https:\/\/catalogues.salvador-dali.org\/catalogues\/fr\/catalogue-raisonne-sculpture\/intro\/\" \/>\n<meta property=\"og:site_name\" content=\"Cat\u00e0legs raonats\" \/>\n<meta property=\"article:publisher\" content=\"https:\/\/www.facebook.com\/MuseusDali\" \/>\n<meta property=\"article:modified_time\" content=\"2025-03-05T15:12:54+00:00\" \/>\n<meta property=\"og:image\" content=\"https:\/\/catalogues.salvador-dali.org\/catalogues\/wp-content\/uploads\/2024\/12\/img-home-xlarge@2x-scaled.jpg\" \/>\n\t<meta property=\"og:image:width\" content=\"2560\" \/>\n\t<meta property=\"og:image:height\" content=\"1239\" \/>\n\t<meta property=\"og:image:type\" content=\"image\/jpeg\" \/>\n<meta name=\"twitter:card\" content=\"summary_large_image\" \/>\n<meta name=\"twitter:site\" content=\"@MuseuDali\" \/>\n<meta name=\"twitter:label1\" content=\"Dur\u00e9e de lecture estim\u00e9e\" \/>\n\t<meta name=\"twitter:data1\" content=\"1 minute\" \/>\n<script type=\"application\/ld+json\" class=\"yoast-schema-graph\">{\"@context\":\"https:\\\/\\\/schema.org\",\"@graph\":[{\"@type\":\"WebPage\",\"@id\":\"https:\\\/\\\/catalogues.salvador-dali.org\\\/catalogues\\\/fr\\\/catalogue-raisonne-sculpture\\\/intro\\\/\",\"url\":\"https:\\\/\\\/catalogues.salvador-dali.org\\\/catalogues\\\/fr\\\/catalogue-raisonne-sculpture\\\/intro\\\/\",\"name\":\"Au sujet du Catalogue Raisonn\u00e9 | Fundaci\u00f3 Gala - Salvador Dal\u00ed\",\"isPartOf\":{\"@id\":\"https:\\\/\\\/catalogues.salvador-dali.org\\\/catalogues\\\/fr\\\/#website\"},\"primaryImageOfPage\":{\"@id\":\"https:\\\/\\\/catalogues.salvador-dali.org\\\/catalogues\\\/fr\\\/catalogue-raisonne-sculpture\\\/intro\\\/#primaryimage\"},\"image\":{\"@id\":\"https:\\\/\\\/catalogues.salvador-dali.org\\\/catalogues\\\/fr\\\/catalogue-raisonne-sculpture\\\/intro\\\/#primaryimage\"},\"thumbnailUrl\":\"https:\\\/\\\/catalogues.salvador-dali.org\\\/catalogues\\\/wp-content\\\/uploads\\\/2024\\\/12\\\/img-home-xlarge@2x-scaled.jpg\",\"datePublished\":\"2025-01-10T16:27:22+00:00\",\"dateModified\":\"2025-03-05T15:12:54+00:00\",\"breadcrumb\":{\"@id\":\"https:\\\/\\\/catalogues.salvador-dali.org\\\/catalogues\\\/fr\\\/catalogue-raisonne-sculpture\\\/intro\\\/#breadcrumb\"},\"inLanguage\":\"fr-FR\",\"potentialAction\":[{\"@type\":\"ReadAction\",\"target\":[\"https:\\\/\\\/catalogues.salvador-dali.org\\\/catalogues\\\/fr\\\/catalogue-raisonne-sculpture\\\/intro\\\/\"]}]},{\"@type\":\"ImageObject\",\"inLanguage\":\"fr-FR\",\"@id\":\"https:\\\/\\\/catalogues.salvador-dali.org\\\/catalogues\\\/fr\\\/catalogue-raisonne-sculpture\\\/intro\\\/#primaryimage\",\"url\":\"https:\\\/\\\/catalogues.salvador-dali.org\\\/catalogues\\\/wp-content\\\/uploads\\\/2024\\\/12\\\/img-home-xlarge@2x-scaled.jpg\",\"contentUrl\":\"https:\\\/\\\/catalogues.salvador-dali.org\\\/catalogues\\\/wp-content\\\/uploads\\\/2024\\\/12\\\/img-home-xlarge@2x-scaled.jpg\",\"width\":2560,\"height\":1239},{\"@type\":\"BreadcrumbList\",\"@id\":\"https:\\\/\\\/catalogues.salvador-dali.org\\\/catalogues\\\/fr\\\/catalogue-raisonne-sculpture\\\/intro\\\/#breadcrumb\",\"itemListElement\":[{\"@type\":\"ListItem\",\"position\":1,\"name\":\"Inici\",\"item\":\"https:\\\/\\\/catalogues.salvador-dali.org\\\/catalogues\\\/fr\\\/\"},{\"@type\":\"ListItem\",\"position\":2,\"name\":\"Au sujet du Catalogue Raisonn\u00e9\"}]},{\"@type\":\"WebSite\",\"@id\":\"https:\\\/\\\/catalogues.salvador-dali.org\\\/catalogues\\\/fr\\\/#website\",\"url\":\"https:\\\/\\\/catalogues.salvador-dali.org\\\/catalogues\\\/fr\\\/\",\"name\":\"Cat\u00e0legs raonats\",\"description\":\"\",\"potentialAction\":[{\"@type\":\"SearchAction\",\"target\":{\"@type\":\"EntryPoint\",\"urlTemplate\":\"https:\\\/\\\/catalogues.salvador-dali.org\\\/catalogues\\\/fr\\\/?s={search_term_string}\"},\"query-input\":{\"@type\":\"PropertyValueSpecification\",\"valueRequired\":true,\"valueName\":\"search_term_string\"}}],\"inLanguage\":\"fr-FR\"}]}<\/script>\n<!-- \/ Yoast SEO plugin. -->","yoast_head_json":{"title":"Au sujet du Catalogue Raisonn\u00e9 | Fundaci\u00f3 Gala - Salvador Dal\u00ed","robots":{"index":"index","follow":"follow","max-snippet":"max-snippet:-1","max-image-preview":"max-image-preview:large","max-video-preview":"max-video-preview:-1"},"canonical":"https:\/\/catalogues.salvador-dali.org\/catalogues\/fr\/catalogue-raisonne-sculpture\/intro\/","og_locale":"fr_FR","og_type":"article","og_title":"Au sujet du Catalogue Raisonn\u00e9 | Fundaci\u00f3 Gala - Salvador Dal\u00ed","og_description":"Le Catalogue Raisonn\u00e9 de Sculpture et \u0152uvre tridimensionnelle de Salvador Dal\u00ed est une publication num\u00e9rique recensant l&rsquo;\u0153uvre sculpturale originale de l&rsquo;artiste. Cette publication a pour r\u00e9f\u00e9rence le Catalogue Raisonn\u00e9 de Peintures de Salvador Dal\u00ed, dont la structure et la pr\u00e9sentation ont \u00e9t\u00e9 adapt\u00e9es aux caract\u00e9ristiques propres \u00e0 l&rsquo;\u0153uvre tridimensionnelle. Avec ce catalogue raisonn\u00e9, la Fundaci\u00f3 [&hellip;]","og_url":"https:\/\/catalogues.salvador-dali.org\/catalogues\/fr\/catalogue-raisonne-sculpture\/intro\/","og_site_name":"Cat\u00e0legs raonats","article_publisher":"https:\/\/www.facebook.com\/MuseusDali","article_modified_time":"2025-03-05T15:12:54+00:00","og_image":[{"width":2560,"height":1239,"url":"https:\/\/catalogues.salvador-dali.org\/catalogues\/wp-content\/uploads\/2024\/12\/img-home-xlarge@2x-scaled.jpg","type":"image\/jpeg"}],"twitter_card":"summary_large_image","twitter_site":"@MuseuDali","twitter_misc":{"Dur\u00e9e de lecture estim\u00e9e":"1 minute"},"schema":{"@context":"https:\/\/schema.org","@graph":[{"@type":"WebPage","@id":"https:\/\/catalogues.salvador-dali.org\/catalogues\/fr\/catalogue-raisonne-sculpture\/intro\/","url":"https:\/\/catalogues.salvador-dali.org\/catalogues\/fr\/catalogue-raisonne-sculpture\/intro\/","name":"Au sujet du Catalogue Raisonn\u00e9 | Fundaci\u00f3 Gala - Salvador Dal\u00ed","isPartOf":{"@id":"https:\/\/catalogues.salvador-dali.org\/catalogues\/fr\/#website"},"primaryImageOfPage":{"@id":"https:\/\/catalogues.salvador-dali.org\/catalogues\/fr\/catalogue-raisonne-sculpture\/intro\/#primaryimage"},"image":{"@id":"https:\/\/catalogues.salvador-dali.org\/catalogues\/fr\/catalogue-raisonne-sculpture\/intro\/#primaryimage"},"thumbnailUrl":"https:\/\/catalogues.salvador-dali.org\/catalogues\/wp-content\/uploads\/2024\/12\/img-home-xlarge@2x-scaled.jpg","datePublished":"2025-01-10T16:27:22+00:00","dateModified":"2025-03-05T15:12:54+00:00","breadcrumb":{"@id":"https:\/\/catalogues.salvador-dali.org\/catalogues\/fr\/catalogue-raisonne-sculpture\/intro\/#breadcrumb"},"inLanguage":"fr-FR","potentialAction":[{"@type":"ReadAction","target":["https:\/\/catalogues.salvador-dali.org\/catalogues\/fr\/catalogue-raisonne-sculpture\/intro\/"]}]},{"@type":"ImageObject","inLanguage":"fr-FR","@id":"https:\/\/catalogues.salvador-dali.org\/catalogues\/fr\/catalogue-raisonne-sculpture\/intro\/#primaryimage","url":"https:\/\/catalogues.salvador-dali.org\/catalogues\/wp-content\/uploads\/2024\/12\/img-home-xlarge@2x-scaled.jpg","contentUrl":"https:\/\/catalogues.salvador-dali.org\/catalogues\/wp-content\/uploads\/2024\/12\/img-home-xlarge@2x-scaled.jpg","width":2560,"height":1239},{"@type":"BreadcrumbList","@id":"https:\/\/catalogues.salvador-dali.org\/catalogues\/fr\/catalogue-raisonne-sculpture\/intro\/#breadcrumb","itemListElement":[{"@type":"ListItem","position":1,"name":"Inici","item":"https:\/\/catalogues.salvador-dali.org\/catalogues\/fr\/"},{"@type":"ListItem","position":2,"name":"Au sujet du Catalogue Raisonn\u00e9"}]},{"@type":"WebSite","@id":"https:\/\/catalogues.salvador-dali.org\/catalogues\/fr\/#website","url":"https:\/\/catalogues.salvador-dali.org\/catalogues\/fr\/","name":"Cat\u00e0legs raonats","description":"","potentialAction":[{"@type":"SearchAction","target":{"@type":"EntryPoint","urlTemplate":"https:\/\/catalogues.salvador-dali.org\/catalogues\/fr\/?s={search_term_string}"},"query-input":{"@type":"PropertyValueSpecification","valueRequired":true,"valueName":"search_term_string"}}],"inLanguage":"fr-FR"}]}},"_links":{"self":[{"href":"https:\/\/catalogues.salvador-dali.org\/catalogues\/fr\/wp-json\/wp\/v2\/pages\/800","targetHints":{"allow":["GET"]}}],"collection":[{"href":"https:\/\/catalogues.salvador-dali.org\/catalogues\/fr\/wp-json\/wp\/v2\/pages"}],"about":[{"href":"https:\/\/catalogues.salvador-dali.org\/catalogues\/fr\/wp-json\/wp\/v2\/types\/page"}],"author":[{"embeddable":true,"href":"https:\/\/catalogues.salvador-dali.org\/catalogues\/fr\/wp-json\/wp\/v2\/users\/1"}],"replies":[{"embeddable":true,"href":"https:\/\/catalogues.salvador-dali.org\/catalogues\/fr\/wp-json\/wp\/v2\/comments?post=800"}],"version-history":[{"count":5,"href":"https:\/\/catalogues.salvador-dali.org\/catalogues\/fr\/wp-json\/wp\/v2\/pages\/800\/revisions"}],"predecessor-version":[{"id":1332,"href":"https:\/\/catalogues.salvador-dali.org\/catalogues\/fr\/wp-json\/wp\/v2\/pages\/800\/revisions\/1332"}],"up":[{"embeddable":true,"href":"https:\/\/catalogues.salvador-dali.org\/catalogues\/fr\/wp-json\/wp\/v2\/pages\/811"}],"wp:featuredmedia":[{"embeddable":true,"href":"https:\/\/catalogues.salvador-dali.org\/catalogues\/fr\/wp-json\/wp\/v2\/media\/181"}],"wp:attachment":[{"href":"https:\/\/catalogues.salvador-dali.org\/catalogues\/fr\/wp-json\/wp\/v2\/media?parent=800"}],"wp:term":[{"taxonomy":"category","embeddable":true,"href":"https:\/\/catalogues.salvador-dali.org\/catalogues\/fr\/wp-json\/wp\/v2\/categories?post=800"},{"taxonomy":"post_tag","embeddable":true,"href":"https:\/\/catalogues.salvador-dali.org\/catalogues\/fr\/wp-json\/wp\/v2\/tags?post=800"}],"curies":[{"name":"wp","href":"https:\/\/api.w.org\/{rel}","templated":true}]}}