{"id":587,"date":"2024-12-27T14:05:15","date_gmt":"2024-12-27T12:05:15","guid":{"rendered":"https:\/\/catalogues.salvador-dali.org\/catalogues\/cataleg-raonat-pintures\/contacte\/"},"modified":"2025-01-22T18:13:16","modified_gmt":"2025-01-22T16:13:16","slug":"contact","status":"publish","type":"page","link":"https:\/\/catalogues.salvador-dali.org\/catalogues\/fr\/catalogue-raisonne-peinture\/contact\/","title":{"rendered":"Contact"},"content":{"rendered":"\n<p><\/p>\n\n\n\n<div class=\"wp-block-columns col-text marges is-layout-flex wp-container-core-columns-is-layout-9d6595d7 wp-block-columns-is-layout-flex\">\n<div class=\"wp-block-column is-layout-flow wp-block-column-is-layout-flow\">\n<figure class=\"wp-block-image size-full\"><img loading=\"lazy\" decoding=\"async\" width=\"357\" height=\"244\" src=\"https:\/\/catalogues.salvador-dali.org\/catalogues\/wp-content\/uploads\/2024\/12\/1271.jpg\" alt=\"\" class=\"wp-image-318\" srcset=\"https:\/\/catalogues.salvador-dali.org\/catalogues\/wp-content\/uploads\/2024\/12\/1271.jpg 357w, https:\/\/catalogues.salvador-dali.org\/catalogues\/wp-content\/uploads\/2024\/12\/1271-300x205.jpg 300w\" sizes=\"auto, (max-width: 357px) 100vw, 357px\" \/><\/figure>\n<\/div>\n\n\n\n<div class=\"wp-block-column is-layout-flow wp-block-column-is-layout-flow\">\n<p>L&rsquo;un des principaux objectifs de la Fundaci\u00f3 Gala-Salvador Dal\u00ed est l&rsquo;\u00e9tude et la diffusion de l&rsquo;\u0153uvre de Salvador Dal\u00ed. \u00c0 ce titre, toute information relative aux \u0153uvres figurant dans ce &nbsp;<em>Catalogue Raisonn\u00e9 de Peintures de Salvador Dal\u00ed <\/em>pr\u00e9sente pour nous un int\u00e9r\u00eat consid\u00e9rable. Vous pouvez contacter le Centre d&rsquo;\u00c9tudes Daliniennes en adressant un courrier \u00e9lectronique \u00e0 <a href=\"mailto:cr.pintures@fundaciodali.org\">cr.pintures@fundaciodali.org<\/a>, ou un courrier postal \u00e0 l&rsquo;adresse suivante : <\/p>\n\n\n\n<p>Fundaci\u00f3 Gala-Salvador Dal\u00ed<br>Pujada del Castell, 28<br>E17600 Figueres<br>Tel. (+34) 972 677 514<br>Fax. (+34) 972 51 01 40  <\/p>\n\n\n\n<p>Vous pouvez \u00e9galement nous adresser ce formulaire, en saisissant les informations demand\u00e9es dans chacun des champs.<\/p>\n\n\n\n<div class=\"wp-block-contact-form-7-contact-form-selector\">\n<div class=\"wpcf7 no-js\" id=\"wpcf7-f1086-o1\" lang=\"fr-FR\" dir=\"ltr\" data-wpcf7-id=\"1086\">\n<div class=\"screen-reader-response\"><p role=\"status\" aria-live=\"polite\" aria-atomic=\"true\"><\/p> <ul><\/ul><\/div>\n<form action=\"\/catalogues\/fr\/wp-json\/wp\/v2\/pages\/587#wpcf7-f1086-o1\" method=\"post\" class=\"wpcf7-form init\" aria-label=\"Formulaire de contact\" enctype=\"multipart\/form-data\" novalidate=\"novalidate\" data-status=\"init\">\n<fieldset class=\"hidden-fields-container\"><input type=\"hidden\" name=\"_wpcf7\" value=\"1086\" \/><input type=\"hidden\" name=\"_wpcf7_version\" value=\"6.1.1\" \/><input type=\"hidden\" name=\"_wpcf7_locale\" value=\"fr_FR\" \/><input type=\"hidden\" name=\"_wpcf7_unit_tag\" value=\"wpcf7-f1086-o1\" \/><input type=\"hidden\" name=\"_wpcf7_container_post\" value=\"0\" \/><input type=\"hidden\" name=\"_wpcf7_posted_data_hash\" value=\"\" \/><input type=\"hidden\" name=\"_wpcf7_recaptcha_response\" value=\"\" \/>\n<\/fieldset>\n<p><span class=\"wpcf7-form-control-wrap\" data-name=\"your-subject\"><input size=\"40\" maxlength=\"400\" class=\"wpcf7-form-control wpcf7-text wpcf7-validates-as-required\" aria-required=\"true\" aria-invalid=\"false\" placeholder=\"Num. cat. P*\" value=\"\" type=\"text\" name=\"your-subject\" \/><\/span>\n<\/p>\n<p><span class=\"wpcf7-form-control-wrap\" data-name=\"your-name\"><input size=\"40\" maxlength=\"400\" class=\"wpcf7-form-control wpcf7-text wpcf7-validates-as-required\" autocomplete=\"name\" aria-required=\"true\" aria-invalid=\"false\" placeholder=\"Pr\u00e9nom et nom*\" value=\"\" type=\"text\" name=\"your-name\" \/><\/span>\n<\/p>\n<p><span class=\"wpcf7-form-control-wrap\" data-name=\"your-email\"><input size=\"40\" maxlength=\"400\" class=\"wpcf7-form-control wpcf7-email wpcf7-validates-as-required wpcf7-text wpcf7-validates-as-email\" autocomplete=\"email\" aria-required=\"true\" aria-invalid=\"false\" placeholder=\"E-mail*\" value=\"\" type=\"email\" name=\"your-email\" \/><\/span>\n<\/p>\n<p><span class=\"wpcf7-form-control-wrap\" data-name=\"your-message\"><textarea cols=\"40\" rows=\"10\" maxlength=\"2000\" class=\"wpcf7-form-control wpcf7-textarea\" aria-invalid=\"false\" placeholder=\"Message*\" name=\"your-message\"><\/textarea><\/span>\n<\/p>\n<p><span class=\"wpcf7-form-control-wrap\" data-name=\"file-200\"><input size=\"40\" class=\"wpcf7-form-control wpcf7-file\" id=\"file-upload\" accept=\"audio\/*,video\/*,image\/*,.txt,application\/pdf\" aria-invalid=\"false\" type=\"file\" name=\"file-200\" \/><\/span>\n<\/p>\n<p><span class=\"wpcf7-form-control-wrap\" data-name=\"proteccio-dades-728\"><span class=\"wpcf7-form-control wpcf7-acceptance\"><span class=\"wpcf7-list-item\"><label><input type=\"checkbox\" name=\"proteccio-dades-728\" value=\"1\" aria-invalid=\"false\" \/><span class=\"wpcf7-list-item-label\">J'ai lu, compris et j\u2019accepte la <a target=\"_blank\" href=\"https:\/\/www.salvador-dali.org\/fr\/privacitat\/\">Politique de Confidentialit\u00e9 et de protection des donn\u00e9es<\/a><\/span><\/label><\/span><\/span><\/span>\n<\/p>\n<p><small><br \/>\n* Les champs du formulaire marqu\u00e9s d\u2019un ast\u00e9risque doivent obligatoirement \u00eatre renseign\u00e9s pour que nous puissions r\u00e9pondre \u00e0 votre demande. Les autres champs sont facultatifs. En cas d\u2019absence de r\u00e9ponse ou de r\u00e9ponses partielles, La Fondation pourrait se trouver dans l\u2019impossibilit\u00e9 de traiter votre demande.<br \/>\nLa FUNDACI\u00d3 GALA-SALVADOR DAL\u00cd utilisera mes donn\u00e9es personnelles pour traiter ma demande de souscription et m\u2019envoyer des informations (y compris par voie \u00e9lectronique) relatives \u00e0 ses activit\u00e9s, ainsi que pour remplir ses obligations l\u00e9gales. La Politique de confidentialit\u00e9 et de protection des donn\u00e9es m\u2019indique comment exercer mes droits d\u2019acc\u00e8s, de rectification, de suppression, de limitation, de portabilit\u00e9 et d\u2019opposition.<br \/>\n<\/small>\n<\/p>\n<p><input class=\"wpcf7-form-control wpcf7-submit has-spinner\" type=\"submit\" value=\"Envoyer\" \/>\n<\/p><div class=\"wpcf7-response-output\" aria-hidden=\"true\"><\/div>\n<\/form>\n<\/div>\n<\/div>\n<\/div>\n<\/div>\n\n\n\n<p><\/p>\n","protected":false},"excerpt":{"rendered":"<p>L&rsquo;un des principaux objectifs de la Fundaci\u00f3 Gala-Salvador Dal\u00ed est l&rsquo;\u00e9tude et la diffusion de l&rsquo;\u0153uvre de Salvador Dal\u00ed. \u00c0 ce titre, toute information relative aux \u0153uvres figurant dans ce &nbsp;Catalogue Raisonn\u00e9 de Peintures de Salvador Dal\u00ed pr\u00e9sente pour nous un int\u00e9r\u00eat consid\u00e9rable. Vous pouvez contacter le Centre d&rsquo;\u00c9tudes Daliniennes en adressant un courrier \u00e9lectronique [&hellip;]<\/p>\n","protected":false},"author":1,"featured_media":0,"parent":553,"menu_order":1,"comment_status":"closed","ping_status":"closed","template":"","meta":{"_acf_changed":false,"_coblocks_attr":"","_coblocks_dimensions":"","_coblocks_responsive_height":"","_coblocks_accordion_ie_support":"","footnotes":""},"categories":[],"tags":[],"class_list":["post-587","page","type-page","status-publish","hentry"],"acf":[],"yoast_head":"<!-- This site is optimized with the Yoast SEO plugin v27.4 - https:\/\/yoast.com\/product\/yoast-seo-wordpress\/ -->\n<title>Contact | Fundaci\u00f3 Gala - Salvador Dal\u00ed<\/title>\n<meta name=\"robots\" content=\"index, follow, max-snippet:-1, max-image-preview:large, max-video-preview:-1\" \/>\n<link rel=\"canonical\" href=\"https:\/\/catalogues.salvador-dali.org\/catalogues\/fr\/catalogue-raisonne-peinture\/contact\/\" \/>\n<meta property=\"og:locale\" content=\"fr_FR\" \/>\n<meta property=\"og:type\" content=\"article\" \/>\n<meta property=\"og:title\" content=\"Contact | Fundaci\u00f3 Gala - Salvador Dal\u00ed\" \/>\n<meta property=\"og:description\" content=\"L&rsquo;un des principaux objectifs de la Fundaci\u00f3 Gala-Salvador Dal\u00ed est l&rsquo;\u00e9tude et la diffusion de l&rsquo;\u0153uvre de Salvador Dal\u00ed. \u00c0 ce titre, toute information relative aux \u0153uvres figurant dans ce &nbsp;Catalogue Raisonn\u00e9 de Peintures de Salvador Dal\u00ed pr\u00e9sente pour nous un int\u00e9r\u00eat consid\u00e9rable. Vous pouvez contacter le Centre d&rsquo;\u00c9tudes Daliniennes en adressant un courrier \u00e9lectronique [&hellip;]\" \/>\n<meta property=\"og:url\" content=\"https:\/\/catalogues.salvador-dali.org\/catalogues\/fr\/catalogue-raisonne-peinture\/contact\/\" \/>\n<meta property=\"og:site_name\" content=\"Cat\u00e0legs raonats\" \/>\n<meta property=\"article:publisher\" content=\"https:\/\/www.facebook.com\/MuseusDali\" \/>\n<meta property=\"article:modified_time\" content=\"2025-01-22T16:13:16+00:00\" \/>\n<meta property=\"og:image\" content=\"https:\/\/catalogues.salvador-dali.org\/catalogues\/wp-content\/uploads\/2024\/12\/1271.jpg\" \/>\n<meta name=\"twitter:card\" content=\"summary_large_image\" \/>\n<meta name=\"twitter:site\" content=\"@MuseuDali\" \/>\n<meta name=\"twitter:label1\" content=\"Dur\u00e9e de lecture estim\u00e9e\" \/>\n\t<meta name=\"twitter:data1\" content=\"1 minute\" \/>\n<script type=\"application\/ld+json\" class=\"yoast-schema-graph\">{\"@context\":\"https:\\\/\\\/schema.org\",\"@graph\":[{\"@type\":\"WebPage\",\"@id\":\"https:\\\/\\\/catalogues.salvador-dali.org\\\/catalogues\\\/fr\\\/catalogue-raisonne-peinture\\\/contact\\\/\",\"url\":\"https:\\\/\\\/catalogues.salvador-dali.org\\\/catalogues\\\/fr\\\/catalogue-raisonne-peinture\\\/contact\\\/\",\"name\":\"Contact | Fundaci\u00f3 Gala - Salvador Dal\u00ed\",\"isPartOf\":{\"@id\":\"https:\\\/\\\/catalogues.salvador-dali.org\\\/catalogues\\\/fr\\\/#website\"},\"primaryImageOfPage\":{\"@id\":\"https:\\\/\\\/catalogues.salvador-dali.org\\\/catalogues\\\/fr\\\/catalogue-raisonne-peinture\\\/contact\\\/#primaryimage\"},\"image\":{\"@id\":\"https:\\\/\\\/catalogues.salvador-dali.org\\\/catalogues\\\/fr\\\/catalogue-raisonne-peinture\\\/contact\\\/#primaryimage\"},\"thumbnailUrl\":\"https:\\\/\\\/catalogues.salvador-dali.org\\\/catalogues\\\/wp-content\\\/uploads\\\/2024\\\/12\\\/1271.jpg\",\"datePublished\":\"2024-12-27T12:05:15+00:00\",\"dateModified\":\"2025-01-22T16:13:16+00:00\",\"breadcrumb\":{\"@id\":\"https:\\\/\\\/catalogues.salvador-dali.org\\\/catalogues\\\/fr\\\/catalogue-raisonne-peinture\\\/contact\\\/#breadcrumb\"},\"inLanguage\":\"fr-FR\",\"potentialAction\":[{\"@type\":\"ReadAction\",\"target\":[\"https:\\\/\\\/catalogues.salvador-dali.org\\\/catalogues\\\/fr\\\/catalogue-raisonne-peinture\\\/contact\\\/\"]}]},{\"@type\":\"ImageObject\",\"inLanguage\":\"fr-FR\",\"@id\":\"https:\\\/\\\/catalogues.salvador-dali.org\\\/catalogues\\\/fr\\\/catalogue-raisonne-peinture\\\/contact\\\/#primaryimage\",\"url\":\"https:\\\/\\\/catalogues.salvador-dali.org\\\/catalogues\\\/wp-content\\\/uploads\\\/2024\\\/12\\\/1271.jpg\",\"contentUrl\":\"https:\\\/\\\/catalogues.salvador-dali.org\\\/catalogues\\\/wp-content\\\/uploads\\\/2024\\\/12\\\/1271.jpg\"},{\"@type\":\"BreadcrumbList\",\"@id\":\"https:\\\/\\\/catalogues.salvador-dali.org\\\/catalogues\\\/fr\\\/catalogue-raisonne-peinture\\\/contact\\\/#breadcrumb\",\"itemListElement\":[{\"@type\":\"ListItem\",\"position\":1,\"name\":\"Inici\",\"item\":\"https:\\\/\\\/catalogues.salvador-dali.org\\\/catalogues\\\/fr\\\/\"},{\"@type\":\"ListItem\",\"position\":2,\"name\":\"Contact\"}]},{\"@type\":\"WebSite\",\"@id\":\"https:\\\/\\\/catalogues.salvador-dali.org\\\/catalogues\\\/fr\\\/#website\",\"url\":\"https:\\\/\\\/catalogues.salvador-dali.org\\\/catalogues\\\/fr\\\/\",\"name\":\"Cat\u00e0legs raonats\",\"description\":\"\",\"potentialAction\":[{\"@type\":\"SearchAction\",\"target\":{\"@type\":\"EntryPoint\",\"urlTemplate\":\"https:\\\/\\\/catalogues.salvador-dali.org\\\/catalogues\\\/fr\\\/?s={search_term_string}\"},\"query-input\":{\"@type\":\"PropertyValueSpecification\",\"valueRequired\":true,\"valueName\":\"search_term_string\"}}],\"inLanguage\":\"fr-FR\"}]}<\/script>\n<!-- \/ Yoast SEO plugin. -->","yoast_head_json":{"title":"Contact | Fundaci\u00f3 Gala - Salvador Dal\u00ed","robots":{"index":"index","follow":"follow","max-snippet":"max-snippet:-1","max-image-preview":"max-image-preview:large","max-video-preview":"max-video-preview:-1"},"canonical":"https:\/\/catalogues.salvador-dali.org\/catalogues\/fr\/catalogue-raisonne-peinture\/contact\/","og_locale":"fr_FR","og_type":"article","og_title":"Contact | Fundaci\u00f3 Gala - Salvador Dal\u00ed","og_description":"L&rsquo;un des principaux objectifs de la Fundaci\u00f3 Gala-Salvador Dal\u00ed est l&rsquo;\u00e9tude et la diffusion de l&rsquo;\u0153uvre de Salvador Dal\u00ed. \u00c0 ce titre, toute information relative aux \u0153uvres figurant dans ce &nbsp;Catalogue Raisonn\u00e9 de Peintures de Salvador Dal\u00ed pr\u00e9sente pour nous un int\u00e9r\u00eat consid\u00e9rable. Vous pouvez contacter le Centre d&rsquo;\u00c9tudes Daliniennes en adressant un courrier \u00e9lectronique [&hellip;]","og_url":"https:\/\/catalogues.salvador-dali.org\/catalogues\/fr\/catalogue-raisonne-peinture\/contact\/","og_site_name":"Cat\u00e0legs raonats","article_publisher":"https:\/\/www.facebook.com\/MuseusDali","article_modified_time":"2025-01-22T16:13:16+00:00","og_image":[{"url":"https:\/\/catalogues.salvador-dali.org\/catalogues\/wp-content\/uploads\/2024\/12\/1271.jpg","type":"","width":"","height":""}],"twitter_card":"summary_large_image","twitter_site":"@MuseuDali","twitter_misc":{"Dur\u00e9e de lecture estim\u00e9e":"1 minute"},"schema":{"@context":"https:\/\/schema.org","@graph":[{"@type":"WebPage","@id":"https:\/\/catalogues.salvador-dali.org\/catalogues\/fr\/catalogue-raisonne-peinture\/contact\/","url":"https:\/\/catalogues.salvador-dali.org\/catalogues\/fr\/catalogue-raisonne-peinture\/contact\/","name":"Contact | Fundaci\u00f3 Gala - Salvador Dal\u00ed","isPartOf":{"@id":"https:\/\/catalogues.salvador-dali.org\/catalogues\/fr\/#website"},"primaryImageOfPage":{"@id":"https:\/\/catalogues.salvador-dali.org\/catalogues\/fr\/catalogue-raisonne-peinture\/contact\/#primaryimage"},"image":{"@id":"https:\/\/catalogues.salvador-dali.org\/catalogues\/fr\/catalogue-raisonne-peinture\/contact\/#primaryimage"},"thumbnailUrl":"https:\/\/catalogues.salvador-dali.org\/catalogues\/wp-content\/uploads\/2024\/12\/1271.jpg","datePublished":"2024-12-27T12:05:15+00:00","dateModified":"2025-01-22T16:13:16+00:00","breadcrumb":{"@id":"https:\/\/catalogues.salvador-dali.org\/catalogues\/fr\/catalogue-raisonne-peinture\/contact\/#breadcrumb"},"inLanguage":"fr-FR","potentialAction":[{"@type":"ReadAction","target":["https:\/\/catalogues.salvador-dali.org\/catalogues\/fr\/catalogue-raisonne-peinture\/contact\/"]}]},{"@type":"ImageObject","inLanguage":"fr-FR","@id":"https:\/\/catalogues.salvador-dali.org\/catalogues\/fr\/catalogue-raisonne-peinture\/contact\/#primaryimage","url":"https:\/\/catalogues.salvador-dali.org\/catalogues\/wp-content\/uploads\/2024\/12\/1271.jpg","contentUrl":"https:\/\/catalogues.salvador-dali.org\/catalogues\/wp-content\/uploads\/2024\/12\/1271.jpg"},{"@type":"BreadcrumbList","@id":"https:\/\/catalogues.salvador-dali.org\/catalogues\/fr\/catalogue-raisonne-peinture\/contact\/#breadcrumb","itemListElement":[{"@type":"ListItem","position":1,"name":"Inici","item":"https:\/\/catalogues.salvador-dali.org\/catalogues\/fr\/"},{"@type":"ListItem","position":2,"name":"Contact"}]},{"@type":"WebSite","@id":"https:\/\/catalogues.salvador-dali.org\/catalogues\/fr\/#website","url":"https:\/\/catalogues.salvador-dali.org\/catalogues\/fr\/","name":"Cat\u00e0legs raonats","description":"","potentialAction":[{"@type":"SearchAction","target":{"@type":"EntryPoint","urlTemplate":"https:\/\/catalogues.salvador-dali.org\/catalogues\/fr\/?s={search_term_string}"},"query-input":{"@type":"PropertyValueSpecification","valueRequired":true,"valueName":"search_term_string"}}],"inLanguage":"fr-FR"}]}},"_links":{"self":[{"href":"https:\/\/catalogues.salvador-dali.org\/catalogues\/fr\/wp-json\/wp\/v2\/pages\/587","targetHints":{"allow":["GET"]}}],"collection":[{"href":"https:\/\/catalogues.salvador-dali.org\/catalogues\/fr\/wp-json\/wp\/v2\/pages"}],"about":[{"href":"https:\/\/catalogues.salvador-dali.org\/catalogues\/fr\/wp-json\/wp\/v2\/types\/page"}],"author":[{"embeddable":true,"href":"https:\/\/catalogues.salvador-dali.org\/catalogues\/fr\/wp-json\/wp\/v2\/users\/1"}],"replies":[{"embeddable":true,"href":"https:\/\/catalogues.salvador-dali.org\/catalogues\/fr\/wp-json\/wp\/v2\/comments?post=587"}],"version-history":[{"count":2,"href":"https:\/\/catalogues.salvador-dali.org\/catalogues\/fr\/wp-json\/wp\/v2\/pages\/587\/revisions"}],"predecessor-version":[{"id":1103,"href":"https:\/\/catalogues.salvador-dali.org\/catalogues\/fr\/wp-json\/wp\/v2\/pages\/587\/revisions\/1103"}],"up":[{"embeddable":true,"href":"https:\/\/catalogues.salvador-dali.org\/catalogues\/fr\/wp-json\/wp\/v2\/pages\/553"}],"wp:attachment":[{"href":"https:\/\/catalogues.salvador-dali.org\/catalogues\/fr\/wp-json\/wp\/v2\/media?parent=587"}],"wp:term":[{"taxonomy":"category","embeddable":true,"href":"https:\/\/catalogues.salvador-dali.org\/catalogues\/fr\/wp-json\/wp\/v2\/categories?post=587"},{"taxonomy":"post_tag","embeddable":true,"href":"https:\/\/catalogues.salvador-dali.org\/catalogues\/fr\/wp-json\/wp\/v2\/tags?post=587"}],"curies":[{"name":"wp","href":"https:\/\/api.w.org\/{rel}","templated":true}]}}