{"id":812,"date":"2024-12-18T18:33:27","date_gmt":"2024-12-18T16:33:27","guid":{"rendered":"https:\/\/catalogues.salvador-dali.org\/catalogues\/cataleg-raonat-escultures\/"},"modified":"2025-01-22T00:11:07","modified_gmt":"2025-01-21T22:11:07","slug":"catalogo-razonado-esculturas","status":"publish","type":"page","link":"https:\/\/catalogues.salvador-dali.org\/catalogues\/es\/catalogo-razonado-esculturas\/","title":{"rendered":"Cat\u00e1logo Razonado de Escultura y Obra tridimensional de Salvador Dal\u00ed"},"content":{"rendered":"","protected":false},"excerpt":{"rendered":"","protected":false},"author":1,"featured_media":1091,"parent":0,"menu_order":2,"comment_status":"closed","ping_status":"closed","template":"page-header-seleccio.php","meta":{"_acf_changed":false,"_coblocks_attr":"","_coblocks_dimensions":"","_coblocks_responsive_height":"","_coblocks_accordion_ie_support":"","footnotes":""},"categories":[],"tags":[],"class_list":["post-812","page","type-page","status-publish","has-post-thumbnail","hentry"],"acf":[],"yoast_head":"<!-- This site is optimized with the Yoast SEO plugin v27.4 - https:\/\/yoast.com\/product\/yoast-seo-wordpress\/ -->\n<title>Cat\u00e1logo Razonado de Escultura y Obra tridimensional de Salvador Dal\u00ed | Fundaci\u00f3 Gala - Salvador Dal\u00ed<\/title>\n<meta name=\"robots\" content=\"index, follow, max-snippet:-1, max-image-preview:large, max-video-preview:-1\" \/>\n<link rel=\"canonical\" href=\"https:\/\/catalogues.salvador-dali.org\/catalogues\/es\/catalogo-razonado-esculturas\/\" \/>\n<meta property=\"og:locale\" content=\"es_ES\" \/>\n<meta property=\"og:type\" content=\"article\" \/>\n<meta property=\"og:title\" content=\"Cat\u00e1logo Razonado de Escultura y Obra tridimensional de Salvador Dal\u00ed | Fundaci\u00f3 Gala - Salvador Dal\u00ed\" \/>\n<meta property=\"og:url\" content=\"https:\/\/catalogues.salvador-dali.org\/catalogues\/es\/catalogo-razonado-esculturas\/\" \/>\n<meta property=\"og:site_name\" content=\"Cat\u00e0legs raonats\" \/>\n<meta property=\"article:publisher\" content=\"https:\/\/www.facebook.com\/MuseusDali\" \/>\n<meta property=\"article:modified_time\" content=\"2025-01-21T22:11:07+00:00\" \/>\n<meta property=\"og:image\" content=\"https:\/\/catalogues.salvador-dali.org\/catalogues\/wp-content\/uploads\/2025\/01\/dali-raonat-escutura-thumb.jpg\" \/>\n\t<meta property=\"og:image:width\" content=\"1000\" \/>\n\t<meta property=\"og:image:height\" content=\"660\" \/>\n\t<meta property=\"og:image:type\" content=\"image\/jpeg\" \/>\n<meta name=\"twitter:card\" content=\"summary_large_image\" \/>\n<meta name=\"twitter:site\" content=\"@MuseuDali\" \/>\n<meta name=\"twitter:label1\" content=\"Tiempo de lectura\" \/>\n\t<meta name=\"twitter:data1\" content=\"1 minuto\" \/>\n<script type=\"application\/ld+json\" class=\"yoast-schema-graph\">{\"@context\":\"https:\\\/\\\/schema.org\",\"@graph\":[{\"@type\":\"WebPage\",\"@id\":\"https:\\\/\\\/catalogues.salvador-dali.org\\\/catalogues\\\/es\\\/catalogo-razonado-esculturas\\\/\",\"url\":\"https:\\\/\\\/catalogues.salvador-dali.org\\\/catalogues\\\/es\\\/catalogo-razonado-esculturas\\\/\",\"name\":\"Cat\u00e1logo Razonado de Escultura y Obra tridimensional de Salvador Dal\u00ed | Fundaci\u00f3 Gala - Salvador Dal\u00ed\",\"isPartOf\":{\"@id\":\"https:\\\/\\\/catalogues.salvador-dali.org\\\/catalogues\\\/es\\\/#website\"},\"primaryImageOfPage\":{\"@id\":\"https:\\\/\\\/catalogues.salvador-dali.org\\\/catalogues\\\/es\\\/catalogo-razonado-esculturas\\\/#primaryimage\"},\"image\":{\"@id\":\"https:\\\/\\\/catalogues.salvador-dali.org\\\/catalogues\\\/es\\\/catalogo-razonado-esculturas\\\/#primaryimage\"},\"thumbnailUrl\":\"https:\\\/\\\/catalogues.salvador-dali.org\\\/catalogues\\\/wp-content\\\/uploads\\\/2025\\\/01\\\/dali-raonat-escutura-thumb.jpg\",\"datePublished\":\"2024-12-18T16:33:27+00:00\",\"dateModified\":\"2025-01-21T22:11:07+00:00\",\"breadcrumb\":{\"@id\":\"https:\\\/\\\/catalogues.salvador-dali.org\\\/catalogues\\\/es\\\/catalogo-razonado-esculturas\\\/#breadcrumb\"},\"inLanguage\":\"es\",\"potentialAction\":[{\"@type\":\"ReadAction\",\"target\":[\"https:\\\/\\\/catalogues.salvador-dali.org\\\/catalogues\\\/es\\\/catalogo-razonado-esculturas\\\/\"]}]},{\"@type\":\"ImageObject\",\"inLanguage\":\"es\",\"@id\":\"https:\\\/\\\/catalogues.salvador-dali.org\\\/catalogues\\\/es\\\/catalogo-razonado-esculturas\\\/#primaryimage\",\"url\":\"https:\\\/\\\/catalogues.salvador-dali.org\\\/catalogues\\\/wp-content\\\/uploads\\\/2025\\\/01\\\/dali-raonat-escutura-thumb.jpg\",\"contentUrl\":\"https:\\\/\\\/catalogues.salvador-dali.org\\\/catalogues\\\/wp-content\\\/uploads\\\/2025\\\/01\\\/dali-raonat-escutura-thumb.jpg\",\"width\":1000,\"height\":660},{\"@type\":\"BreadcrumbList\",\"@id\":\"https:\\\/\\\/catalogues.salvador-dali.org\\\/catalogues\\\/es\\\/catalogo-razonado-esculturas\\\/#breadcrumb\",\"itemListElement\":[{\"@type\":\"ListItem\",\"position\":1,\"name\":\"Inici\",\"item\":\"https:\\\/\\\/catalogues.salvador-dali.org\\\/catalogues\\\/es\\\/\"},{\"@type\":\"ListItem\",\"position\":2,\"name\":\"Cat\u00e1logo Razonado de Escultura y Obra tridimensional de Salvador Dal\u00ed\"}]},{\"@type\":\"WebSite\",\"@id\":\"https:\\\/\\\/catalogues.salvador-dali.org\\\/catalogues\\\/es\\\/#website\",\"url\":\"https:\\\/\\\/catalogues.salvador-dali.org\\\/catalogues\\\/es\\\/\",\"name\":\"Cat\u00e0legs raonats\",\"description\":\"\",\"potentialAction\":[{\"@type\":\"SearchAction\",\"target\":{\"@type\":\"EntryPoint\",\"urlTemplate\":\"https:\\\/\\\/catalogues.salvador-dali.org\\\/catalogues\\\/es\\\/?s={search_term_string}\"},\"query-input\":{\"@type\":\"PropertyValueSpecification\",\"valueRequired\":true,\"valueName\":\"search_term_string\"}}],\"inLanguage\":\"es\"}]}<\/script>\n<!-- \/ Yoast SEO plugin. -->","yoast_head_json":{"title":"Cat\u00e1logo Razonado de Escultura y Obra tridimensional de Salvador Dal\u00ed | Fundaci\u00f3 Gala - Salvador Dal\u00ed","robots":{"index":"index","follow":"follow","max-snippet":"max-snippet:-1","max-image-preview":"max-image-preview:large","max-video-preview":"max-video-preview:-1"},"canonical":"https:\/\/catalogues.salvador-dali.org\/catalogues\/es\/catalogo-razonado-esculturas\/","og_locale":"es_ES","og_type":"article","og_title":"Cat\u00e1logo Razonado de Escultura y Obra tridimensional de Salvador Dal\u00ed | Fundaci\u00f3 Gala - Salvador Dal\u00ed","og_url":"https:\/\/catalogues.salvador-dali.org\/catalogues\/es\/catalogo-razonado-esculturas\/","og_site_name":"Cat\u00e0legs raonats","article_publisher":"https:\/\/www.facebook.com\/MuseusDali","article_modified_time":"2025-01-21T22:11:07+00:00","og_image":[{"width":1000,"height":660,"url":"https:\/\/catalogues.salvador-dali.org\/catalogues\/wp-content\/uploads\/2025\/01\/dali-raonat-escutura-thumb.jpg","type":"image\/jpeg"}],"twitter_card":"summary_large_image","twitter_site":"@MuseuDali","twitter_misc":{"Tiempo de lectura":"1 minuto"},"schema":{"@context":"https:\/\/schema.org","@graph":[{"@type":"WebPage","@id":"https:\/\/catalogues.salvador-dali.org\/catalogues\/es\/catalogo-razonado-esculturas\/","url":"https:\/\/catalogues.salvador-dali.org\/catalogues\/es\/catalogo-razonado-esculturas\/","name":"Cat\u00e1logo Razonado de Escultura y Obra tridimensional de Salvador Dal\u00ed | Fundaci\u00f3 Gala - Salvador Dal\u00ed","isPartOf":{"@id":"https:\/\/catalogues.salvador-dali.org\/catalogues\/es\/#website"},"primaryImageOfPage":{"@id":"https:\/\/catalogues.salvador-dali.org\/catalogues\/es\/catalogo-razonado-esculturas\/#primaryimage"},"image":{"@id":"https:\/\/catalogues.salvador-dali.org\/catalogues\/es\/catalogo-razonado-esculturas\/#primaryimage"},"thumbnailUrl":"https:\/\/catalogues.salvador-dali.org\/catalogues\/wp-content\/uploads\/2025\/01\/dali-raonat-escutura-thumb.jpg","datePublished":"2024-12-18T16:33:27+00:00","dateModified":"2025-01-21T22:11:07+00:00","breadcrumb":{"@id":"https:\/\/catalogues.salvador-dali.org\/catalogues\/es\/catalogo-razonado-esculturas\/#breadcrumb"},"inLanguage":"es","potentialAction":[{"@type":"ReadAction","target":["https:\/\/catalogues.salvador-dali.org\/catalogues\/es\/catalogo-razonado-esculturas\/"]}]},{"@type":"ImageObject","inLanguage":"es","@id":"https:\/\/catalogues.salvador-dali.org\/catalogues\/es\/catalogo-razonado-esculturas\/#primaryimage","url":"https:\/\/catalogues.salvador-dali.org\/catalogues\/wp-content\/uploads\/2025\/01\/dali-raonat-escutura-thumb.jpg","contentUrl":"https:\/\/catalogues.salvador-dali.org\/catalogues\/wp-content\/uploads\/2025\/01\/dali-raonat-escutura-thumb.jpg","width":1000,"height":660},{"@type":"BreadcrumbList","@id":"https:\/\/catalogues.salvador-dali.org\/catalogues\/es\/catalogo-razonado-esculturas\/#breadcrumb","itemListElement":[{"@type":"ListItem","position":1,"name":"Inici","item":"https:\/\/catalogues.salvador-dali.org\/catalogues\/es\/"},{"@type":"ListItem","position":2,"name":"Cat\u00e1logo Razonado de Escultura y Obra tridimensional de Salvador Dal\u00ed"}]},{"@type":"WebSite","@id":"https:\/\/catalogues.salvador-dali.org\/catalogues\/es\/#website","url":"https:\/\/catalogues.salvador-dali.org\/catalogues\/es\/","name":"Cat\u00e0legs raonats","description":"","potentialAction":[{"@type":"SearchAction","target":{"@type":"EntryPoint","urlTemplate":"https:\/\/catalogues.salvador-dali.org\/catalogues\/es\/?s={search_term_string}"},"query-input":{"@type":"PropertyValueSpecification","valueRequired":true,"valueName":"search_term_string"}}],"inLanguage":"es"}]}},"_links":{"self":[{"href":"https:\/\/catalogues.salvador-dali.org\/catalogues\/es\/wp-json\/wp\/v2\/pages\/812","targetHints":{"allow":["GET"]}}],"collection":[{"href":"https:\/\/catalogues.salvador-dali.org\/catalogues\/es\/wp-json\/wp\/v2\/pages"}],"about":[{"href":"https:\/\/catalogues.salvador-dali.org\/catalogues\/es\/wp-json\/wp\/v2\/types\/page"}],"author":[{"embeddable":true,"href":"https:\/\/catalogues.salvador-dali.org\/catalogues\/es\/wp-json\/wp\/v2\/users\/1"}],"replies":[{"embeddable":true,"href":"https:\/\/catalogues.salvador-dali.org\/catalogues\/es\/wp-json\/wp\/v2\/comments?post=812"}],"version-history":[{"count":6,"href":"https:\/\/catalogues.salvador-dali.org\/catalogues\/es\/wp-json\/wp\/v2\/pages\/812\/revisions"}],"predecessor-version":[{"id":1078,"href":"https:\/\/catalogues.salvador-dali.org\/catalogues\/es\/wp-json\/wp\/v2\/pages\/812\/revisions\/1078"}],"wp:featuredmedia":[{"embeddable":true,"href":"https:\/\/catalogues.salvador-dali.org\/catalogues\/es\/wp-json\/wp\/v2\/media\/1091"}],"wp:attachment":[{"href":"https:\/\/catalogues.salvador-dali.org\/catalogues\/es\/wp-json\/wp\/v2\/media?parent=812"}],"wp:term":[{"taxonomy":"category","embeddable":true,"href":"https:\/\/catalogues.salvador-dali.org\/catalogues\/es\/wp-json\/wp\/v2\/categories?post=812"},{"taxonomy":"post_tag","embeddable":true,"href":"https:\/\/catalogues.salvador-dali.org\/catalogues\/es\/wp-json\/wp\/v2\/tags?post=812"}],"curies":[{"name":"wp","href":"https:\/\/api.w.org\/{rel}","templated":true}]}}