{"id":801,"date":"2025-01-10T18:27:22","date_gmt":"2025-01-10T16:27:22","guid":{"rendered":"https:\/\/catalogues.salvador-dali.org\/catalogues\/intro\/"},"modified":"2025-03-05T17:12:08","modified_gmt":"2025-03-05T15:12:08","slug":"intro","status":"publish","type":"page","link":"https:\/\/catalogues.salvador-dali.org\/catalogues\/es\/catalogo-razonado-esculturas\/intro\/","title":{"rendered":"Sobre el Cat\u00e1logo Razonado"},"content":{"rendered":"\n<p>El contingut d&#8217;aquesta p\u00e0gina es genera autom\u00e0ticament a partir de les p\u00e0gines fillesEl <em>Cat\u00e1logo Razonado de Escultura y Obra tridimensional de Salvador Dal\u00ed<\/em> es una publicaci\u00f3n digital que re\u00fane la obra escult\u00f3rica original del artista. Esta publicaci\u00f3n toma como referencia el <a href=\"https:\/\/www.salvador-dali.org\/es\/obra\/catalogo-razonado-pinturas\/\"><em>Cat\u00e1logo Razonado de Pinturas de Salvador Dal\u00ed<\/em><\/a><em>, <\/em>aunque la estructura y la presentaci\u00f3n se han adecuado a las caracter\u00edsticas propias de la obra tridimensional. Con este cat\u00e1logo razonado la Fundaci\u00f3 Gala-Salvador Dal\u00ed quiere presentar y analizar la faceta del Dal\u00ed escultor y dar a conocer la singularidad y relevancia de esta vertiente de su producci\u00f3n..<\/p>\n\n\n\n<p><\/p>\n","protected":false},"excerpt":{"rendered":"<p>El contingut d&#8217;aquesta p\u00e0gina es genera autom\u00e0ticament a partir de les p\u00e0gines fillesEl Cat\u00e1logo Razonado de Escultura y Obra tridimensional de Salvador Dal\u00ed es una publicaci\u00f3n digital que re\u00fane la obra escult\u00f3rica original del artista. Esta publicaci\u00f3n toma como referencia el Cat\u00e1logo Razonado de Pinturas de Salvador Dal\u00ed, aunque la estructura y la presentaci\u00f3n se [&hellip;]<\/p>\n","protected":false},"author":1,"featured_media":182,"parent":812,"menu_order":0,"comment_status":"closed","ping_status":"closed","template":"page-sobre-raonat.php","meta":{"_acf_changed":false,"_coblocks_attr":"","_coblocks_dimensions":"","_coblocks_responsive_height":"","_coblocks_accordion_ie_support":"","footnotes":""},"categories":[],"tags":[],"class_list":["post-801","page","type-page","status-publish","has-post-thumbnail","hentry"],"acf":[],"yoast_head":"<!-- This site is optimized with the Yoast SEO plugin v27.5 - https:\/\/yoast.com\/product\/yoast-seo-wordpress\/ -->\n<title>Sobre el Cat\u00e1logo Razonado | Fundaci\u00f3 Gala - Salvador Dal\u00ed<\/title>\n<meta name=\"robots\" content=\"index, follow, max-snippet:-1, max-image-preview:large, max-video-preview:-1\" \/>\n<link rel=\"canonical\" href=\"https:\/\/catalogues.salvador-dali.org\/catalogues\/es\/catalogo-razonado-esculturas\/intro\/\" \/>\n<meta property=\"og:locale\" content=\"es_ES\" \/>\n<meta property=\"og:type\" content=\"article\" \/>\n<meta property=\"og:title\" content=\"Sobre el Cat\u00e1logo Razonado | Fundaci\u00f3 Gala - Salvador Dal\u00ed\" \/>\n<meta property=\"og:description\" content=\"El contingut d&#8217;aquesta p\u00e0gina es genera autom\u00e0ticament a partir de les p\u00e0gines fillesEl Cat\u00e1logo Razonado de Escultura y Obra tridimensional de Salvador Dal\u00ed es una publicaci\u00f3n digital que re\u00fane la obra escult\u00f3rica original del artista. Esta publicaci\u00f3n toma como referencia el Cat\u00e1logo Razonado de Pinturas de Salvador Dal\u00ed, aunque la estructura y la presentaci\u00f3n se [&hellip;]\" \/>\n<meta property=\"og:url\" content=\"https:\/\/catalogues.salvador-dali.org\/catalogues\/es\/catalogo-razonado-esculturas\/intro\/\" \/>\n<meta property=\"og:site_name\" content=\"Cat\u00e0legs raonats\" \/>\n<meta property=\"article:publisher\" content=\"https:\/\/www.facebook.com\/MuseusDali\" \/>\n<meta property=\"article:modified_time\" content=\"2025-03-05T15:12:08+00:00\" \/>\n<meta property=\"og:image\" content=\"https:\/\/catalogues.salvador-dali.org\/catalogues\/wp-content\/uploads\/2024\/12\/img-home-xlarge@2x-scaled.jpg\" \/>\n\t<meta property=\"og:image:width\" content=\"2560\" \/>\n\t<meta property=\"og:image:height\" content=\"1239\" \/>\n\t<meta property=\"og:image:type\" content=\"image\/jpeg\" \/>\n<meta name=\"twitter:card\" content=\"summary_large_image\" \/>\n<meta name=\"twitter:site\" content=\"@MuseuDali\" \/>\n<meta name=\"twitter:label1\" content=\"Tiempo de lectura\" \/>\n\t<meta name=\"twitter:data1\" content=\"1 minuto\" \/>\n<script type=\"application\/ld+json\" class=\"yoast-schema-graph\">{\"@context\":\"https:\\\/\\\/schema.org\",\"@graph\":[{\"@type\":\"WebPage\",\"@id\":\"https:\\\/\\\/catalogues.salvador-dali.org\\\/catalogues\\\/es\\\/catalogo-razonado-esculturas\\\/intro\\\/\",\"url\":\"https:\\\/\\\/catalogues.salvador-dali.org\\\/catalogues\\\/es\\\/catalogo-razonado-esculturas\\\/intro\\\/\",\"name\":\"Sobre el Cat\u00e1logo Razonado | Fundaci\u00f3 Gala - Salvador Dal\u00ed\",\"isPartOf\":{\"@id\":\"https:\\\/\\\/catalogues.salvador-dali.org\\\/catalogues\\\/es\\\/#website\"},\"primaryImageOfPage\":{\"@id\":\"https:\\\/\\\/catalogues.salvador-dali.org\\\/catalogues\\\/es\\\/catalogo-razonado-esculturas\\\/intro\\\/#primaryimage\"},\"image\":{\"@id\":\"https:\\\/\\\/catalogues.salvador-dali.org\\\/catalogues\\\/es\\\/catalogo-razonado-esculturas\\\/intro\\\/#primaryimage\"},\"thumbnailUrl\":\"https:\\\/\\\/catalogues.salvador-dali.org\\\/catalogues\\\/wp-content\\\/uploads\\\/2024\\\/12\\\/img-home-xlarge@2x-scaled.jpg\",\"datePublished\":\"2025-01-10T16:27:22+00:00\",\"dateModified\":\"2025-03-05T15:12:08+00:00\",\"breadcrumb\":{\"@id\":\"https:\\\/\\\/catalogues.salvador-dali.org\\\/catalogues\\\/es\\\/catalogo-razonado-esculturas\\\/intro\\\/#breadcrumb\"},\"inLanguage\":\"es\",\"potentialAction\":[{\"@type\":\"ReadAction\",\"target\":[\"https:\\\/\\\/catalogues.salvador-dali.org\\\/catalogues\\\/es\\\/catalogo-razonado-esculturas\\\/intro\\\/\"]}]},{\"@type\":\"ImageObject\",\"inLanguage\":\"es\",\"@id\":\"https:\\\/\\\/catalogues.salvador-dali.org\\\/catalogues\\\/es\\\/catalogo-razonado-esculturas\\\/intro\\\/#primaryimage\",\"url\":\"https:\\\/\\\/catalogues.salvador-dali.org\\\/catalogues\\\/wp-content\\\/uploads\\\/2024\\\/12\\\/img-home-xlarge@2x-scaled.jpg\",\"contentUrl\":\"https:\\\/\\\/catalogues.salvador-dali.org\\\/catalogues\\\/wp-content\\\/uploads\\\/2024\\\/12\\\/img-home-xlarge@2x-scaled.jpg\",\"width\":2560,\"height\":1239},{\"@type\":\"BreadcrumbList\",\"@id\":\"https:\\\/\\\/catalogues.salvador-dali.org\\\/catalogues\\\/es\\\/catalogo-razonado-esculturas\\\/intro\\\/#breadcrumb\",\"itemListElement\":[{\"@type\":\"ListItem\",\"position\":1,\"name\":\"Inici\",\"item\":\"https:\\\/\\\/catalogues.salvador-dali.org\\\/catalogues\\\/es\\\/\"},{\"@type\":\"ListItem\",\"position\":2,\"name\":\"Sobre el Cat\u00e1logo Razonado\"}]},{\"@type\":\"WebSite\",\"@id\":\"https:\\\/\\\/catalogues.salvador-dali.org\\\/catalogues\\\/es\\\/#website\",\"url\":\"https:\\\/\\\/catalogues.salvador-dali.org\\\/catalogues\\\/es\\\/\",\"name\":\"Cat\u00e0legs raonats\",\"description\":\"\",\"potentialAction\":[{\"@type\":\"SearchAction\",\"target\":{\"@type\":\"EntryPoint\",\"urlTemplate\":\"https:\\\/\\\/catalogues.salvador-dali.org\\\/catalogues\\\/es\\\/?s={search_term_string}\"},\"query-input\":{\"@type\":\"PropertyValueSpecification\",\"valueRequired\":true,\"valueName\":\"search_term_string\"}}],\"inLanguage\":\"es\"}]}<\/script>\n<!-- \/ Yoast SEO plugin. -->","yoast_head_json":{"title":"Sobre el Cat\u00e1logo Razonado | Fundaci\u00f3 Gala - Salvador Dal\u00ed","robots":{"index":"index","follow":"follow","max-snippet":"max-snippet:-1","max-image-preview":"max-image-preview:large","max-video-preview":"max-video-preview:-1"},"canonical":"https:\/\/catalogues.salvador-dali.org\/catalogues\/es\/catalogo-razonado-esculturas\/intro\/","og_locale":"es_ES","og_type":"article","og_title":"Sobre el Cat\u00e1logo Razonado | Fundaci\u00f3 Gala - Salvador Dal\u00ed","og_description":"El contingut d&#8217;aquesta p\u00e0gina es genera autom\u00e0ticament a partir de les p\u00e0gines fillesEl Cat\u00e1logo Razonado de Escultura y Obra tridimensional de Salvador Dal\u00ed es una publicaci\u00f3n digital que re\u00fane la obra escult\u00f3rica original del artista. Esta publicaci\u00f3n toma como referencia el Cat\u00e1logo Razonado de Pinturas de Salvador Dal\u00ed, aunque la estructura y la presentaci\u00f3n se [&hellip;]","og_url":"https:\/\/catalogues.salvador-dali.org\/catalogues\/es\/catalogo-razonado-esculturas\/intro\/","og_site_name":"Cat\u00e0legs raonats","article_publisher":"https:\/\/www.facebook.com\/MuseusDali","article_modified_time":"2025-03-05T15:12:08+00:00","og_image":[{"width":2560,"height":1239,"url":"https:\/\/catalogues.salvador-dali.org\/catalogues\/wp-content\/uploads\/2024\/12\/img-home-xlarge@2x-scaled.jpg","type":"image\/jpeg"}],"twitter_card":"summary_large_image","twitter_site":"@MuseuDali","twitter_misc":{"Tiempo de lectura":"1 minuto"},"schema":{"@context":"https:\/\/schema.org","@graph":[{"@type":"WebPage","@id":"https:\/\/catalogues.salvador-dali.org\/catalogues\/es\/catalogo-razonado-esculturas\/intro\/","url":"https:\/\/catalogues.salvador-dali.org\/catalogues\/es\/catalogo-razonado-esculturas\/intro\/","name":"Sobre el Cat\u00e1logo Razonado | Fundaci\u00f3 Gala - Salvador Dal\u00ed","isPartOf":{"@id":"https:\/\/catalogues.salvador-dali.org\/catalogues\/es\/#website"},"primaryImageOfPage":{"@id":"https:\/\/catalogues.salvador-dali.org\/catalogues\/es\/catalogo-razonado-esculturas\/intro\/#primaryimage"},"image":{"@id":"https:\/\/catalogues.salvador-dali.org\/catalogues\/es\/catalogo-razonado-esculturas\/intro\/#primaryimage"},"thumbnailUrl":"https:\/\/catalogues.salvador-dali.org\/catalogues\/wp-content\/uploads\/2024\/12\/img-home-xlarge@2x-scaled.jpg","datePublished":"2025-01-10T16:27:22+00:00","dateModified":"2025-03-05T15:12:08+00:00","breadcrumb":{"@id":"https:\/\/catalogues.salvador-dali.org\/catalogues\/es\/catalogo-razonado-esculturas\/intro\/#breadcrumb"},"inLanguage":"es","potentialAction":[{"@type":"ReadAction","target":["https:\/\/catalogues.salvador-dali.org\/catalogues\/es\/catalogo-razonado-esculturas\/intro\/"]}]},{"@type":"ImageObject","inLanguage":"es","@id":"https:\/\/catalogues.salvador-dali.org\/catalogues\/es\/catalogo-razonado-esculturas\/intro\/#primaryimage","url":"https:\/\/catalogues.salvador-dali.org\/catalogues\/wp-content\/uploads\/2024\/12\/img-home-xlarge@2x-scaled.jpg","contentUrl":"https:\/\/catalogues.salvador-dali.org\/catalogues\/wp-content\/uploads\/2024\/12\/img-home-xlarge@2x-scaled.jpg","width":2560,"height":1239},{"@type":"BreadcrumbList","@id":"https:\/\/catalogues.salvador-dali.org\/catalogues\/es\/catalogo-razonado-esculturas\/intro\/#breadcrumb","itemListElement":[{"@type":"ListItem","position":1,"name":"Inici","item":"https:\/\/catalogues.salvador-dali.org\/catalogues\/es\/"},{"@type":"ListItem","position":2,"name":"Sobre el Cat\u00e1logo Razonado"}]},{"@type":"WebSite","@id":"https:\/\/catalogues.salvador-dali.org\/catalogues\/es\/#website","url":"https:\/\/catalogues.salvador-dali.org\/catalogues\/es\/","name":"Cat\u00e0legs raonats","description":"","potentialAction":[{"@type":"SearchAction","target":{"@type":"EntryPoint","urlTemplate":"https:\/\/catalogues.salvador-dali.org\/catalogues\/es\/?s={search_term_string}"},"query-input":{"@type":"PropertyValueSpecification","valueRequired":true,"valueName":"search_term_string"}}],"inLanguage":"es"}]}},"_links":{"self":[{"href":"https:\/\/catalogues.salvador-dali.org\/catalogues\/es\/wp-json\/wp\/v2\/pages\/801","targetHints":{"allow":["GET"]}}],"collection":[{"href":"https:\/\/catalogues.salvador-dali.org\/catalogues\/es\/wp-json\/wp\/v2\/pages"}],"about":[{"href":"https:\/\/catalogues.salvador-dali.org\/catalogues\/es\/wp-json\/wp\/v2\/types\/page"}],"author":[{"embeddable":true,"href":"https:\/\/catalogues.salvador-dali.org\/catalogues\/es\/wp-json\/wp\/v2\/users\/1"}],"replies":[{"embeddable":true,"href":"https:\/\/catalogues.salvador-dali.org\/catalogues\/es\/wp-json\/wp\/v2\/comments?post=801"}],"version-history":[{"count":4,"href":"https:\/\/catalogues.salvador-dali.org\/catalogues\/es\/wp-json\/wp\/v2\/pages\/801\/revisions"}],"predecessor-version":[{"id":1328,"href":"https:\/\/catalogues.salvador-dali.org\/catalogues\/es\/wp-json\/wp\/v2\/pages\/801\/revisions\/1328"}],"up":[{"embeddable":true,"href":"https:\/\/catalogues.salvador-dali.org\/catalogues\/es\/wp-json\/wp\/v2\/pages\/812"}],"wp:featuredmedia":[{"embeddable":true,"href":"https:\/\/catalogues.salvador-dali.org\/catalogues\/es\/wp-json\/wp\/v2\/media\/182"}],"wp:attachment":[{"href":"https:\/\/catalogues.salvador-dali.org\/catalogues\/es\/wp-json\/wp\/v2\/media?parent=801"}],"wp:term":[{"taxonomy":"category","embeddable":true,"href":"https:\/\/catalogues.salvador-dali.org\/catalogues\/es\/wp-json\/wp\/v2\/categories?post=801"},{"taxonomy":"post_tag","embeddable":true,"href":"https:\/\/catalogues.salvador-dali.org\/catalogues\/es\/wp-json\/wp\/v2\/tags?post=801"}],"curies":[{"name":"wp","href":"https:\/\/api.w.org\/{rel}","templated":true}]}}