{"id":554,"date":"2024-12-18T18:33:40","date_gmt":"2024-12-18T16:33:40","guid":{"rendered":"https:\/\/catalogues.salvador-dali.org\/catalogues\/cataleg-raonat-pintures\/"},"modified":"2025-01-21T20:08:18","modified_gmt":"2025-01-21T18:08:18","slug":"catalogo-razonado-pinturas","status":"publish","type":"page","link":"https:\/\/catalogues.salvador-dali.org\/catalogues\/es\/catalogo-razonado-pinturas\/","title":{"rendered":"Cat\u00e1logo Razonado de Pinturas de Salvador Dal\u00ed"},"content":{"rendered":"\n<p>El <em>Cat\u00e1logo Razonado de Pinturas de Salvador Dal\u00ed<\/em> es una publicaci\u00f3n digital de catalogaci\u00f3n y atribuci\u00f3n que re\u00fane, de manera cient\u00edfica y definitiva, las obras que pertenecen a la producci\u00f3n pict\u00f3rica de Dal\u00ed comprendida entre los a\u00f1os 1910 y 1983. El proyecto se concibe como un <em>work in progress<\/em> que peri\u00f3dicamente se modifica y ampl\u00eda con los datos facilitados por los especialistas de la Fundaci\u00f3 Gala-Salvador Dal\u00ed y por los estudiosos y las instituciones que colaboran con esta.<\/p>\n\n\n\n<p><\/p>\n","protected":false},"excerpt":{"rendered":"<p>El Cat\u00e1logo Razonado de Pinturas de Salvador Dal\u00ed es una publicaci\u00f3n digital de catalogaci\u00f3n y atribuci\u00f3n que re\u00fane, de manera cient\u00edfica y definitiva, las obras que pertenecen a la producci\u00f3n pict\u00f3rica de Dal\u00ed comprendida entre los a\u00f1os 1910 y 1983. El proyecto se concibe como un work in progress que peri\u00f3dicamente se modifica y ampl\u00eda [&hellip;]<\/p>\n","protected":false},"author":1,"featured_media":178,"parent":0,"menu_order":1,"comment_status":"closed","ping_status":"closed","template":"page-header-seleccio.php","meta":{"_acf_changed":false,"_coblocks_attr":"","_coblocks_dimensions":"","_coblocks_responsive_height":"","_coblocks_accordion_ie_support":"","footnotes":""},"categories":[],"tags":[],"class_list":["post-554","page","type-page","status-publish","has-post-thumbnail","hentry"],"acf":[],"yoast_head":"<!-- This site is optimized with the Yoast SEO plugin v27.4 - https:\/\/yoast.com\/product\/yoast-seo-wordpress\/ -->\n<title>Cat\u00e1logo Razonado de Pinturas de Salvador Dal\u00ed | Fundaci\u00f3 Gala - Salvador Dal\u00ed<\/title>\n<meta name=\"robots\" content=\"index, follow, max-snippet:-1, max-image-preview:large, max-video-preview:-1\" \/>\n<link rel=\"canonical\" href=\"https:\/\/catalogues.salvador-dali.org\/catalogues\/es\/catalogo-razonado-pinturas\/\" \/>\n<meta property=\"og:locale\" content=\"es_ES\" \/>\n<meta property=\"og:type\" content=\"article\" \/>\n<meta property=\"og:title\" content=\"Cat\u00e1logo Razonado de Pinturas de Salvador Dal\u00ed | Fundaci\u00f3 Gala - Salvador Dal\u00ed\" \/>\n<meta property=\"og:description\" content=\"El Cat\u00e1logo Razonado de Pinturas de Salvador Dal\u00ed es una publicaci\u00f3n digital de catalogaci\u00f3n y atribuci\u00f3n que re\u00fane, de manera cient\u00edfica y definitiva, las obras que pertenecen a la producci\u00f3n pict\u00f3rica de Dal\u00ed comprendida entre los a\u00f1os 1910 y 1983. El proyecto se concibe como un work in progress que peri\u00f3dicamente se modifica y ampl\u00eda [&hellip;]\" \/>\n<meta property=\"og:url\" content=\"https:\/\/catalogues.salvador-dali.org\/catalogues\/es\/catalogo-razonado-pinturas\/\" \/>\n<meta property=\"og:site_name\" content=\"Cat\u00e0legs raonats\" \/>\n<meta property=\"article:publisher\" content=\"https:\/\/www.facebook.com\/MuseusDali\" \/>\n<meta property=\"article:modified_time\" content=\"2025-01-21T18:08:18+00:00\" \/>\n<meta property=\"og:image\" content=\"https:\/\/catalogues.salvador-dali.org\/catalogues\/wp-content\/uploads\/2024\/12\/equip_int@2x-e1737544314295.jpg\" \/>\n\t<meta property=\"og:image:width\" content=\"744\" \/>\n\t<meta property=\"og:image:height\" content=\"552\" \/>\n\t<meta property=\"og:image:type\" content=\"image\/jpeg\" \/>\n<meta name=\"twitter:card\" content=\"summary_large_image\" \/>\n<meta name=\"twitter:site\" content=\"@MuseuDali\" \/>\n<meta name=\"twitter:label1\" content=\"Tiempo de lectura\" \/>\n\t<meta name=\"twitter:data1\" content=\"1 minuto\" \/>\n<script type=\"application\/ld+json\" class=\"yoast-schema-graph\">{\"@context\":\"https:\\\/\\\/schema.org\",\"@graph\":[{\"@type\":\"WebPage\",\"@id\":\"https:\\\/\\\/catalogues.salvador-dali.org\\\/catalogues\\\/es\\\/catalogo-razonado-pinturas\\\/\",\"url\":\"https:\\\/\\\/catalogues.salvador-dali.org\\\/catalogues\\\/es\\\/catalogo-razonado-pinturas\\\/\",\"name\":\"Cat\u00e1logo Razonado de Pinturas de Salvador Dal\u00ed | Fundaci\u00f3 Gala - Salvador Dal\u00ed\",\"isPartOf\":{\"@id\":\"https:\\\/\\\/catalogues.salvador-dali.org\\\/catalogues\\\/es\\\/#website\"},\"primaryImageOfPage\":{\"@id\":\"https:\\\/\\\/catalogues.salvador-dali.org\\\/catalogues\\\/es\\\/catalogo-razonado-pinturas\\\/#primaryimage\"},\"image\":{\"@id\":\"https:\\\/\\\/catalogues.salvador-dali.org\\\/catalogues\\\/es\\\/catalogo-razonado-pinturas\\\/#primaryimage\"},\"thumbnailUrl\":\"https:\\\/\\\/catalogues.salvador-dali.org\\\/catalogues\\\/wp-content\\\/uploads\\\/2024\\\/12\\\/equip_int@2x-e1737544314295.jpg\",\"datePublished\":\"2024-12-18T16:33:40+00:00\",\"dateModified\":\"2025-01-21T18:08:18+00:00\",\"breadcrumb\":{\"@id\":\"https:\\\/\\\/catalogues.salvador-dali.org\\\/catalogues\\\/es\\\/catalogo-razonado-pinturas\\\/#breadcrumb\"},\"inLanguage\":\"es\",\"potentialAction\":[{\"@type\":\"ReadAction\",\"target\":[\"https:\\\/\\\/catalogues.salvador-dali.org\\\/catalogues\\\/es\\\/catalogo-razonado-pinturas\\\/\"]}]},{\"@type\":\"ImageObject\",\"inLanguage\":\"es\",\"@id\":\"https:\\\/\\\/catalogues.salvador-dali.org\\\/catalogues\\\/es\\\/catalogo-razonado-pinturas\\\/#primaryimage\",\"url\":\"https:\\\/\\\/catalogues.salvador-dali.org\\\/catalogues\\\/wp-content\\\/uploads\\\/2024\\\/12\\\/equip_int@2x-e1737544314295.jpg\",\"contentUrl\":\"https:\\\/\\\/catalogues.salvador-dali.org\\\/catalogues\\\/wp-content\\\/uploads\\\/2024\\\/12\\\/equip_int@2x-e1737544314295.jpg\",\"width\":744,\"height\":552,\"caption\":\"Carlos P\u00e9rez de Rozas, Salvador Dal\u00ed pintant l'obra Gala Plac\u00eddia al taller de Portlligat, c. 1952.\"},{\"@type\":\"BreadcrumbList\",\"@id\":\"https:\\\/\\\/catalogues.salvador-dali.org\\\/catalogues\\\/es\\\/catalogo-razonado-pinturas\\\/#breadcrumb\",\"itemListElement\":[{\"@type\":\"ListItem\",\"position\":1,\"name\":\"Inici\",\"item\":\"https:\\\/\\\/catalogues.salvador-dali.org\\\/catalogues\\\/es\\\/\"},{\"@type\":\"ListItem\",\"position\":2,\"name\":\"Cat\u00e1logo Razonado de Pinturas de Salvador Dal\u00ed\"}]},{\"@type\":\"WebSite\",\"@id\":\"https:\\\/\\\/catalogues.salvador-dali.org\\\/catalogues\\\/es\\\/#website\",\"url\":\"https:\\\/\\\/catalogues.salvador-dali.org\\\/catalogues\\\/es\\\/\",\"name\":\"Cat\u00e0legs raonats\",\"description\":\"\",\"potentialAction\":[{\"@type\":\"SearchAction\",\"target\":{\"@type\":\"EntryPoint\",\"urlTemplate\":\"https:\\\/\\\/catalogues.salvador-dali.org\\\/catalogues\\\/es\\\/?s={search_term_string}\"},\"query-input\":{\"@type\":\"PropertyValueSpecification\",\"valueRequired\":true,\"valueName\":\"search_term_string\"}}],\"inLanguage\":\"es\"}]}<\/script>\n<!-- \/ Yoast SEO plugin. -->","yoast_head_json":{"title":"Cat\u00e1logo Razonado de Pinturas de Salvador Dal\u00ed | Fundaci\u00f3 Gala - Salvador Dal\u00ed","robots":{"index":"index","follow":"follow","max-snippet":"max-snippet:-1","max-image-preview":"max-image-preview:large","max-video-preview":"max-video-preview:-1"},"canonical":"https:\/\/catalogues.salvador-dali.org\/catalogues\/es\/catalogo-razonado-pinturas\/","og_locale":"es_ES","og_type":"article","og_title":"Cat\u00e1logo Razonado de Pinturas de Salvador Dal\u00ed | Fundaci\u00f3 Gala - Salvador Dal\u00ed","og_description":"El Cat\u00e1logo Razonado de Pinturas de Salvador Dal\u00ed es una publicaci\u00f3n digital de catalogaci\u00f3n y atribuci\u00f3n que re\u00fane, de manera cient\u00edfica y definitiva, las obras que pertenecen a la producci\u00f3n pict\u00f3rica de Dal\u00ed comprendida entre los a\u00f1os 1910 y 1983. El proyecto se concibe como un work in progress que peri\u00f3dicamente se modifica y ampl\u00eda [&hellip;]","og_url":"https:\/\/catalogues.salvador-dali.org\/catalogues\/es\/catalogo-razonado-pinturas\/","og_site_name":"Cat\u00e0legs raonats","article_publisher":"https:\/\/www.facebook.com\/MuseusDali","article_modified_time":"2025-01-21T18:08:18+00:00","og_image":[{"width":744,"height":552,"url":"https:\/\/catalogues.salvador-dali.org\/catalogues\/wp-content\/uploads\/2024\/12\/equip_int@2x-e1737544314295.jpg","type":"image\/jpeg"}],"twitter_card":"summary_large_image","twitter_site":"@MuseuDali","twitter_misc":{"Tiempo de lectura":"1 minuto"},"schema":{"@context":"https:\/\/schema.org","@graph":[{"@type":"WebPage","@id":"https:\/\/catalogues.salvador-dali.org\/catalogues\/es\/catalogo-razonado-pinturas\/","url":"https:\/\/catalogues.salvador-dali.org\/catalogues\/es\/catalogo-razonado-pinturas\/","name":"Cat\u00e1logo Razonado de Pinturas de Salvador Dal\u00ed | Fundaci\u00f3 Gala - Salvador Dal\u00ed","isPartOf":{"@id":"https:\/\/catalogues.salvador-dali.org\/catalogues\/es\/#website"},"primaryImageOfPage":{"@id":"https:\/\/catalogues.salvador-dali.org\/catalogues\/es\/catalogo-razonado-pinturas\/#primaryimage"},"image":{"@id":"https:\/\/catalogues.salvador-dali.org\/catalogues\/es\/catalogo-razonado-pinturas\/#primaryimage"},"thumbnailUrl":"https:\/\/catalogues.salvador-dali.org\/catalogues\/wp-content\/uploads\/2024\/12\/equip_int@2x-e1737544314295.jpg","datePublished":"2024-12-18T16:33:40+00:00","dateModified":"2025-01-21T18:08:18+00:00","breadcrumb":{"@id":"https:\/\/catalogues.salvador-dali.org\/catalogues\/es\/catalogo-razonado-pinturas\/#breadcrumb"},"inLanguage":"es","potentialAction":[{"@type":"ReadAction","target":["https:\/\/catalogues.salvador-dali.org\/catalogues\/es\/catalogo-razonado-pinturas\/"]}]},{"@type":"ImageObject","inLanguage":"es","@id":"https:\/\/catalogues.salvador-dali.org\/catalogues\/es\/catalogo-razonado-pinturas\/#primaryimage","url":"https:\/\/catalogues.salvador-dali.org\/catalogues\/wp-content\/uploads\/2024\/12\/equip_int@2x-e1737544314295.jpg","contentUrl":"https:\/\/catalogues.salvador-dali.org\/catalogues\/wp-content\/uploads\/2024\/12\/equip_int@2x-e1737544314295.jpg","width":744,"height":552,"caption":"Carlos P\u00e9rez de Rozas, Salvador Dal\u00ed pintant l'obra Gala Plac\u00eddia al taller de Portlligat, c. 1952."},{"@type":"BreadcrumbList","@id":"https:\/\/catalogues.salvador-dali.org\/catalogues\/es\/catalogo-razonado-pinturas\/#breadcrumb","itemListElement":[{"@type":"ListItem","position":1,"name":"Inici","item":"https:\/\/catalogues.salvador-dali.org\/catalogues\/es\/"},{"@type":"ListItem","position":2,"name":"Cat\u00e1logo Razonado de Pinturas de Salvador Dal\u00ed"}]},{"@type":"WebSite","@id":"https:\/\/catalogues.salvador-dali.org\/catalogues\/es\/#website","url":"https:\/\/catalogues.salvador-dali.org\/catalogues\/es\/","name":"Cat\u00e0legs raonats","description":"","potentialAction":[{"@type":"SearchAction","target":{"@type":"EntryPoint","urlTemplate":"https:\/\/catalogues.salvador-dali.org\/catalogues\/es\/?s={search_term_string}"},"query-input":{"@type":"PropertyValueSpecification","valueRequired":true,"valueName":"search_term_string"}}],"inLanguage":"es"}]}},"_links":{"self":[{"href":"https:\/\/catalogues.salvador-dali.org\/catalogues\/es\/wp-json\/wp\/v2\/pages\/554","targetHints":{"allow":["GET"]}}],"collection":[{"href":"https:\/\/catalogues.salvador-dali.org\/catalogues\/es\/wp-json\/wp\/v2\/pages"}],"about":[{"href":"https:\/\/catalogues.salvador-dali.org\/catalogues\/es\/wp-json\/wp\/v2\/types\/page"}],"author":[{"embeddable":true,"href":"https:\/\/catalogues.salvador-dali.org\/catalogues\/es\/wp-json\/wp\/v2\/users\/1"}],"replies":[{"embeddable":true,"href":"https:\/\/catalogues.salvador-dali.org\/catalogues\/es\/wp-json\/wp\/v2\/comments?post=554"}],"version-history":[{"count":4,"href":"https:\/\/catalogues.salvador-dali.org\/catalogues\/es\/wp-json\/wp\/v2\/pages\/554\/revisions"}],"predecessor-version":[{"id":1063,"href":"https:\/\/catalogues.salvador-dali.org\/catalogues\/es\/wp-json\/wp\/v2\/pages\/554\/revisions\/1063"}],"wp:featuredmedia":[{"embeddable":true,"href":"https:\/\/catalogues.salvador-dali.org\/catalogues\/es\/wp-json\/wp\/v2\/media\/178"}],"wp:attachment":[{"href":"https:\/\/catalogues.salvador-dali.org\/catalogues\/es\/wp-json\/wp\/v2\/media?parent=554"}],"wp:term":[{"taxonomy":"category","embeddable":true,"href":"https:\/\/catalogues.salvador-dali.org\/catalogues\/es\/wp-json\/wp\/v2\/categories?post=554"},{"taxonomy":"post_tag","embeddable":true,"href":"https:\/\/catalogues.salvador-dali.org\/catalogues\/es\/wp-json\/wp\/v2\/tags?post=554"}],"curies":[{"name":"wp","href":"https:\/\/api.w.org\/{rel}","templated":true}]}}