{"id":907,"date":"2025-01-10T19:55:17","date_gmt":"2025-01-10T17:55:17","guid":{"rendered":"https:\/\/catalogues.salvador-dali.org\/catalogues\/catalogue-raisonne-sculpture\/colleccions\/"},"modified":"2025-03-05T17:17:49","modified_gmt":"2025-03-05T15:17:49","slug":"collections","status":"publish","type":"page","link":"https:\/\/catalogues.salvador-dali.org\/catalogues\/en\/catalogue-raisonne-sculpture\/collections\/","title":{"rendered":"Collections index"},"content":{"rendered":"\n<div class=\"wp-block-columns col-text marges is-layout-flex wp-container-core-columns-is-layout-9d6595d7 wp-block-columns-is-layout-flex\">\n<div class=\"wp-block-column is-layout-flow wp-block-column-is-layout-flow\"><\/div>\n\n\n\n<div class=\"wp-block-column is-layout-flow wp-block-column-is-layout-flow\">\n<ol class=\"abc\">\n                            <li class=\"first\">Choose a letter<\/li>\n\n<li><a href=\"#A\" id=\"lletra-A\">A<\/a><\/li><li>B<\/li><li><a href=\"#C\" id=\"lletra-C\">C<\/a><\/li><li>D<\/li><li>E<\/li><li><a href=\"#F\" id=\"lletra-F\">F<\/a><\/li><li>G<\/li><li>H<\/li><li>I<\/li><li>J<\/li><li>K<\/li><li><a href=\"#L\" id=\"lletra-L\">L<\/a><\/li><li><a href=\"#M\" id=\"lletra-M\">M<\/a><\/li><li>N<\/li><li><a href=\"#O\" id=\"lletra-O\">O<\/a><\/li><li>P<\/li><li>Q<\/li><li>R<\/li><li>S<\/li><li>T<\/li><li>U<\/li><li>V<\/li><li>W<\/li><li>X<\/li><li>Y<\/li><li class=\"last\">Z<\/li>                        <\/ol>\n\n\n\n<ol class=\"index index--colleccions\">\n                    <li id=\"A\" class=\"first\">\n                        <h2>A<\/h2>\n                        <ul>\n                            <li class=\"first last\"><a href=\"\/catalogues\/en\/catalogue-raisonne-sculpture\/artwork\/?properties=ownership.collection&#038;values=\/coeli\/FGSD\/Collection\/f35d2d50-a250-5a54-67f7-ee91a6a0bce3\">The Art Institute of Chicago, Chicago, IL<\/a><\/li>\n                        <\/ul>\n                    <\/li>\n                    <li id=\"C\">\n                        <h2>C<\/h2>\n                        <ul>\n                            <li class=\"first last\"><a href=\"\/catalogues\/en\/catalogue-raisonne-sculpture\/artwork\/?properties=ownership.collection&#038;values=\/coeli\/FGSD\/Collection\/7fb80efc-2b5b-345f-ec62-e76a988ff22a\">Centre Pompidou &#8211; Mus\u00e9e national d&#8217;art moderne &#8211; Centre de cr\u00e9ation industrielle, Paris<\/a><\/li>\n                        <\/ul>\n                    <\/li>\n                    <li id=\"F\">\n                        <h2>F<\/h2>\n                        <ul>\n                            <li class=\"first last\"><a href=\"\/catalogues\/en\/catalogue-raisonne-sculpture\/artwork\/?properties=ownership.collection&#038;values=\/coeli\/FGSD\/Collection\/45de27f3-5605-9f71-4019-ab4b07a63c18\">Fundaci\u00f3 Gala-Salvador Dal\u00ed, Figueres<\/a><\/li>\n                        <\/ul>\n                    <\/li>\n                    <li id=\"L\">\n                        <h2>L<\/h2>\n                        <ul>\n                            <li class=\"first last\"><a href=\"\/catalogues\/en\/catalogue-raisonne-sculpture\/artwork\/?properties=ownership.collection&#038;values=\/coeli\/FGSD\/Collection\/7a67bf36-8e94-7747-b26b-07fcaee68a38\">Location unknown<\/a><\/li>\n                        <\/ul>\n                    <\/li>\n                    <li id=\"M\">\n                        <h2>M<\/h2>\n                        <ul>\n                            <li class=\"first\"><a href=\"\/catalogues\/en\/catalogue-raisonne-sculpture\/artwork\/?properties=ownership.collection&#038;values=\/coeli\/FGSD\/Collection\/7a750426-5fe8-6ba0-094e-9adc778e8922\">Museo Nacional Centro de Arte Reina Sof\u00eda, Madrid<\/a><\/li>\n                            <li class=\"last\"><a href=\"\/catalogues\/en\/catalogue-raisonne-sculpture\/artwork\/?properties=ownership.collection&#038;values=\/coeli\/FGSD\/Collection\/ffc1d333-036f-78e9-c1c4-e55ae69a471e\">The Museum of Modern Art, New York, NY<\/a><\/li>\n                        <\/ul>\n                    <\/li>\n                    <li id=\"O\" class=\"last\">\n                        <h2>O<\/h2>\n                        <ul>\n                            <li class=\"first last\"><a href=\"\/catalogues\/en\/catalogue-raisonne-sculpture\/artwork\/?properties=ownership.collection&#038;values=\/coeli\/FGSD\/Collection\/7cede59f-6e1e-2722-49ab-7cada0968e31\">Lost work<\/a><\/li>\n                        <\/ul>\n                    <\/li>\n                <\/ol>\n<\/div>\n<\/div>\n\n\n\n<p><\/p>\n","protected":false},"excerpt":{"rendered":"<p>Choose a letter A B C D E F G H I J K L M N O P Q R S T U V W X Y Z A The Art Institute of Chicago, Chicago, IL C Centre Pompidou &#8211; Mus\u00e9e national d&#8217;art moderne &#8211; Centre de cr\u00e9ation industrielle, Paris F Fundaci\u00f3 Gala-Salvador Dal\u00ed, [&hellip;]<\/p>\n","protected":false},"author":1,"featured_media":0,"parent":810,"menu_order":3,"comment_status":"closed","ping_status":"closed","template":"","meta":{"_acf_changed":false,"_coblocks_attr":"","_coblocks_dimensions":"","_coblocks_responsive_height":"","_coblocks_accordion_ie_support":"","footnotes":""},"categories":[],"tags":[],"class_list":["post-907","page","type-page","status-publish","hentry"],"acf":[],"yoast_head":"<!-- This site is optimized with the Yoast SEO plugin v27.5 - https:\/\/yoast.com\/product\/yoast-seo-wordpress\/ -->\n<title>Collections index | Fundaci\u00f3 Gala - Salvador Dal\u00ed<\/title>\n<meta name=\"description\" content=\"Dal\u00ed&#039;s sculptural work is conserved in some of the world&#039;s finest art museums and institutions and in a number of prestigious private collections.\" \/>\n<meta name=\"robots\" content=\"index, follow, max-snippet:-1, max-image-preview:large, max-video-preview:-1\" \/>\n<link rel=\"canonical\" href=\"https:\/\/catalogues.salvador-dali.org\/catalogues\/en\/catalogue-raisonne-sculpture\/collections\/\" \/>\n<meta property=\"og:locale\" content=\"en_US\" \/>\n<meta property=\"og:type\" content=\"article\" \/>\n<meta property=\"og:title\" content=\"Collections index | Fundaci\u00f3 Gala - Salvador Dal\u00ed\" \/>\n<meta property=\"og:description\" content=\"Dal\u00ed&#039;s sculptural work is conserved in some of the world&#039;s finest art museums and institutions and in a number of prestigious private collections.\" \/>\n<meta property=\"og:url\" content=\"https:\/\/catalogues.salvador-dali.org\/catalogues\/en\/catalogue-raisonne-sculpture\/collections\/\" \/>\n<meta property=\"og:site_name\" content=\"Cat\u00e0legs raonats\" \/>\n<meta property=\"article:publisher\" content=\"https:\/\/www.facebook.com\/MuseusDali\" \/>\n<meta property=\"article:modified_time\" content=\"2025-03-05T15:17:49+00:00\" \/>\n<meta name=\"twitter:card\" content=\"summary_large_image\" \/>\n<meta name=\"twitter:site\" content=\"@MuseuDali\" \/>\n<meta name=\"twitter:label1\" content=\"Est. reading time\" \/>\n\t<meta name=\"twitter:data1\" content=\"1 minute\" \/>\n<script type=\"application\/ld+json\" class=\"yoast-schema-graph\">{\"@context\":\"https:\\\/\\\/schema.org\",\"@graph\":[{\"@type\":\"WebPage\",\"@id\":\"https:\\\/\\\/catalogues.salvador-dali.org\\\/catalogues\\\/en\\\/catalogue-raisonne-sculpture\\\/collections\\\/\",\"url\":\"https:\\\/\\\/catalogues.salvador-dali.org\\\/catalogues\\\/en\\\/catalogue-raisonne-sculpture\\\/collections\\\/\",\"name\":\"Collections index | Fundaci\u00f3 Gala - Salvador Dal\u00ed\",\"isPartOf\":{\"@id\":\"https:\\\/\\\/catalogues.salvador-dali.org\\\/catalogues\\\/en\\\/#website\"},\"datePublished\":\"2025-01-10T17:55:17+00:00\",\"dateModified\":\"2025-03-05T15:17:49+00:00\",\"description\":\"Dal\u00ed's sculptural work is conserved in some of the world's finest art museums and institutions and in a number of prestigious private collections.\",\"breadcrumb\":{\"@id\":\"https:\\\/\\\/catalogues.salvador-dali.org\\\/catalogues\\\/en\\\/catalogue-raisonne-sculpture\\\/collections\\\/#breadcrumb\"},\"inLanguage\":\"en-US\",\"potentialAction\":[{\"@type\":\"ReadAction\",\"target\":[\"https:\\\/\\\/catalogues.salvador-dali.org\\\/catalogues\\\/en\\\/catalogue-raisonne-sculpture\\\/collections\\\/\"]}]},{\"@type\":\"BreadcrumbList\",\"@id\":\"https:\\\/\\\/catalogues.salvador-dali.org\\\/catalogues\\\/en\\\/catalogue-raisonne-sculpture\\\/collections\\\/#breadcrumb\",\"itemListElement\":[{\"@type\":\"ListItem\",\"position\":1,\"name\":\"Inici\",\"item\":\"https:\\\/\\\/catalogues.salvador-dali.org\\\/catalogues\\\/en\\\/\"},{\"@type\":\"ListItem\",\"position\":2,\"name\":\"Collections index\"}]},{\"@type\":\"WebSite\",\"@id\":\"https:\\\/\\\/catalogues.salvador-dali.org\\\/catalogues\\\/en\\\/#website\",\"url\":\"https:\\\/\\\/catalogues.salvador-dali.org\\\/catalogues\\\/en\\\/\",\"name\":\"Cat\u00e0legs raonats\",\"description\":\"\",\"potentialAction\":[{\"@type\":\"SearchAction\",\"target\":{\"@type\":\"EntryPoint\",\"urlTemplate\":\"https:\\\/\\\/catalogues.salvador-dali.org\\\/catalogues\\\/en\\\/?s={search_term_string}\"},\"query-input\":{\"@type\":\"PropertyValueSpecification\",\"valueRequired\":true,\"valueName\":\"search_term_string\"}}],\"inLanguage\":\"en-US\"}]}<\/script>\n<!-- \/ Yoast SEO plugin. -->","yoast_head_json":{"title":"Collections index | Fundaci\u00f3 Gala - Salvador Dal\u00ed","description":"Dal\u00ed's sculptural work is conserved in some of the world's finest art museums and institutions and in a number of prestigious private collections.","robots":{"index":"index","follow":"follow","max-snippet":"max-snippet:-1","max-image-preview":"max-image-preview:large","max-video-preview":"max-video-preview:-1"},"canonical":"https:\/\/catalogues.salvador-dali.org\/catalogues\/en\/catalogue-raisonne-sculpture\/collections\/","og_locale":"en_US","og_type":"article","og_title":"Collections index | Fundaci\u00f3 Gala - Salvador Dal\u00ed","og_description":"Dal\u00ed's sculptural work is conserved in some of the world's finest art museums and institutions and in a number of prestigious private collections.","og_url":"https:\/\/catalogues.salvador-dali.org\/catalogues\/en\/catalogue-raisonne-sculpture\/collections\/","og_site_name":"Cat\u00e0legs raonats","article_publisher":"https:\/\/www.facebook.com\/MuseusDali","article_modified_time":"2025-03-05T15:17:49+00:00","twitter_card":"summary_large_image","twitter_site":"@MuseuDali","twitter_misc":{"Est. reading time":"1 minute"},"schema":{"@context":"https:\/\/schema.org","@graph":[{"@type":"WebPage","@id":"https:\/\/catalogues.salvador-dali.org\/catalogues\/en\/catalogue-raisonne-sculpture\/collections\/","url":"https:\/\/catalogues.salvador-dali.org\/catalogues\/en\/catalogue-raisonne-sculpture\/collections\/","name":"Collections index | Fundaci\u00f3 Gala - Salvador Dal\u00ed","isPartOf":{"@id":"https:\/\/catalogues.salvador-dali.org\/catalogues\/en\/#website"},"datePublished":"2025-01-10T17:55:17+00:00","dateModified":"2025-03-05T15:17:49+00:00","description":"Dal\u00ed's sculptural work is conserved in some of the world's finest art museums and institutions and in a number of prestigious private collections.","breadcrumb":{"@id":"https:\/\/catalogues.salvador-dali.org\/catalogues\/en\/catalogue-raisonne-sculpture\/collections\/#breadcrumb"},"inLanguage":"en-US","potentialAction":[{"@type":"ReadAction","target":["https:\/\/catalogues.salvador-dali.org\/catalogues\/en\/catalogue-raisonne-sculpture\/collections\/"]}]},{"@type":"BreadcrumbList","@id":"https:\/\/catalogues.salvador-dali.org\/catalogues\/en\/catalogue-raisonne-sculpture\/collections\/#breadcrumb","itemListElement":[{"@type":"ListItem","position":1,"name":"Inici","item":"https:\/\/catalogues.salvador-dali.org\/catalogues\/en\/"},{"@type":"ListItem","position":2,"name":"Collections index"}]},{"@type":"WebSite","@id":"https:\/\/catalogues.salvador-dali.org\/catalogues\/en\/#website","url":"https:\/\/catalogues.salvador-dali.org\/catalogues\/en\/","name":"Cat\u00e0legs raonats","description":"","potentialAction":[{"@type":"SearchAction","target":{"@type":"EntryPoint","urlTemplate":"https:\/\/catalogues.salvador-dali.org\/catalogues\/en\/?s={search_term_string}"},"query-input":{"@type":"PropertyValueSpecification","valueRequired":true,"valueName":"search_term_string"}}],"inLanguage":"en-US"}]}},"_links":{"self":[{"href":"https:\/\/catalogues.salvador-dali.org\/catalogues\/en\/wp-json\/wp\/v2\/pages\/907","targetHints":{"allow":["GET"]}}],"collection":[{"href":"https:\/\/catalogues.salvador-dali.org\/catalogues\/en\/wp-json\/wp\/v2\/pages"}],"about":[{"href":"https:\/\/catalogues.salvador-dali.org\/catalogues\/en\/wp-json\/wp\/v2\/types\/page"}],"author":[{"embeddable":true,"href":"https:\/\/catalogues.salvador-dali.org\/catalogues\/en\/wp-json\/wp\/v2\/users\/1"}],"replies":[{"embeddable":true,"href":"https:\/\/catalogues.salvador-dali.org\/catalogues\/en\/wp-json\/wp\/v2\/comments?post=907"}],"version-history":[{"count":5,"href":"https:\/\/catalogues.salvador-dali.org\/catalogues\/en\/wp-json\/wp\/v2\/pages\/907\/revisions"}],"predecessor-version":[{"id":1336,"href":"https:\/\/catalogues.salvador-dali.org\/catalogues\/en\/wp-json\/wp\/v2\/pages\/907\/revisions\/1336"}],"up":[{"embeddable":true,"href":"https:\/\/catalogues.salvador-dali.org\/catalogues\/en\/wp-json\/wp\/v2\/pages\/810"}],"wp:attachment":[{"href":"https:\/\/catalogues.salvador-dali.org\/catalogues\/en\/wp-json\/wp\/v2\/media?parent=907"}],"wp:term":[{"taxonomy":"category","embeddable":true,"href":"https:\/\/catalogues.salvador-dali.org\/catalogues\/en\/wp-json\/wp\/v2\/categories?post=907"},{"taxonomy":"post_tag","embeddable":true,"href":"https:\/\/catalogues.salvador-dali.org\/catalogues\/en\/wp-json\/wp\/v2\/tags?post=907"}],"curies":[{"name":"wp","href":"https:\/\/api.w.org\/{rel}","templated":true}]}}