{"id":799,"date":"2025-01-10T18:27:22","date_gmt":"2025-01-10T16:27:22","guid":{"rendered":"https:\/\/catalogues.salvador-dali.org\/catalogues\/intro\/"},"modified":"2025-03-05T17:12:34","modified_gmt":"2025-03-05T15:12:34","slug":"intro","status":"publish","type":"page","link":"https:\/\/catalogues.salvador-dali.org\/catalogues\/en\/catalogue-raisonne-sculpture\/intro\/","title":{"rendered":"About the Catalogue Raisonn\u00e9"},"content":{"rendered":"\n<p>The digital publication <em>Catalogue Raisonn\u00e9 of Sculpture and Three-dimensional Work<\/em> <em>by Salvador Dal\u00ed<\/em> is a comprehensive list of original sculptural work by the artist. The present publication takes as its benchmark the <a href=\"https:\/\/www.salvador-dali.org\/en\/artwork\/catalogue-raisonne-paintings\/\"><em>Catalogue Raisonn\u00e9 of Paintings by Salvador Dal\u00ed<\/em><\/a>, although here the structure and presentation have been adapted to the characteristics of three-dimensional works. With this catalogue raisonn\u00e9, the Fundaci\u00f3 Gala-Salvador Dal\u00ed aims both to present and to anatomize Dal\u00ed&#8217;s work as a sculptor and to foster appreciation of the uniqueness and relevance of this aspect of his creative output.<\/p>\n\n\n\n<p><\/p>\n","protected":false},"excerpt":{"rendered":"<p>The digital publication Catalogue Raisonn\u00e9 of Sculpture and Three-dimensional Work by Salvador Dal\u00ed is a comprehensive list of original sculptural work by the artist. The present publication takes as its benchmark the Catalogue Raisonn\u00e9 of Paintings by Salvador Dal\u00ed, although here the structure and presentation have been adapted to the characteristics of three-dimensional works. With [&hellip;]<\/p>\n","protected":false},"author":1,"featured_media":180,"parent":810,"menu_order":0,"comment_status":"closed","ping_status":"closed","template":"page-sobre-raonat.php","meta":{"_acf_changed":false,"_coblocks_attr":"","_coblocks_dimensions":"","_coblocks_responsive_height":"","_coblocks_accordion_ie_support":"","footnotes":""},"categories":[],"tags":[],"class_list":["post-799","page","type-page","status-publish","has-post-thumbnail","hentry"],"acf":[],"yoast_head":"<!-- This site is optimized with the Yoast SEO plugin v27.5 - https:\/\/yoast.com\/product\/yoast-seo-wordpress\/ -->\n<title>About the Catalogue Raisonn\u00e9 | Fundaci\u00f3 Gala - Salvador Dal\u00ed<\/title>\n<meta name=\"robots\" content=\"index, follow, max-snippet:-1, max-image-preview:large, max-video-preview:-1\" \/>\n<link rel=\"canonical\" href=\"https:\/\/catalogues.salvador-dali.org\/catalogues\/en\/catalogue-raisonne-sculpture\/intro\/\" \/>\n<meta property=\"og:locale\" content=\"en_US\" \/>\n<meta property=\"og:type\" content=\"article\" \/>\n<meta property=\"og:title\" content=\"About the Catalogue Raisonn\u00e9 | Fundaci\u00f3 Gala - Salvador Dal\u00ed\" \/>\n<meta property=\"og:description\" content=\"The digital publication Catalogue Raisonn\u00e9 of Sculpture and Three-dimensional Work by Salvador Dal\u00ed is a comprehensive list of original sculptural work by the artist. The present publication takes as its benchmark the Catalogue Raisonn\u00e9 of Paintings by Salvador Dal\u00ed, although here the structure and presentation have been adapted to the characteristics of three-dimensional works. With [&hellip;]\" \/>\n<meta property=\"og:url\" content=\"https:\/\/catalogues.salvador-dali.org\/catalogues\/en\/catalogue-raisonne-sculpture\/intro\/\" \/>\n<meta property=\"og:site_name\" content=\"Cat\u00e0legs raonats\" \/>\n<meta property=\"article:publisher\" content=\"https:\/\/www.facebook.com\/MuseusDali\" \/>\n<meta property=\"article:modified_time\" content=\"2025-03-05T15:12:34+00:00\" \/>\n<meta property=\"og:image\" content=\"https:\/\/catalogues.salvador-dali.org\/catalogues\/wp-content\/uploads\/2024\/12\/img-home-xlarge@2x-scaled.jpg\" \/>\n\t<meta property=\"og:image:width\" content=\"2560\" \/>\n\t<meta property=\"og:image:height\" content=\"1239\" \/>\n\t<meta property=\"og:image:type\" content=\"image\/jpeg\" \/>\n<meta name=\"twitter:card\" content=\"summary_large_image\" \/>\n<meta name=\"twitter:site\" content=\"@MuseuDali\" \/>\n<meta name=\"twitter:label1\" content=\"Est. reading time\" \/>\n\t<meta name=\"twitter:data1\" content=\"1 minute\" \/>\n<script type=\"application\/ld+json\" class=\"yoast-schema-graph\">{\"@context\":\"https:\\\/\\\/schema.org\",\"@graph\":[{\"@type\":\"WebPage\",\"@id\":\"https:\\\/\\\/catalogues.salvador-dali.org\\\/catalogues\\\/en\\\/catalogue-raisonne-sculpture\\\/intro\\\/\",\"url\":\"https:\\\/\\\/catalogues.salvador-dali.org\\\/catalogues\\\/en\\\/catalogue-raisonne-sculpture\\\/intro\\\/\",\"name\":\"About the Catalogue Raisonn\u00e9 | Fundaci\u00f3 Gala - Salvador Dal\u00ed\",\"isPartOf\":{\"@id\":\"https:\\\/\\\/catalogues.salvador-dali.org\\\/catalogues\\\/en\\\/#website\"},\"primaryImageOfPage\":{\"@id\":\"https:\\\/\\\/catalogues.salvador-dali.org\\\/catalogues\\\/en\\\/catalogue-raisonne-sculpture\\\/intro\\\/#primaryimage\"},\"image\":{\"@id\":\"https:\\\/\\\/catalogues.salvador-dali.org\\\/catalogues\\\/en\\\/catalogue-raisonne-sculpture\\\/intro\\\/#primaryimage\"},\"thumbnailUrl\":\"https:\\\/\\\/catalogues.salvador-dali.org\\\/catalogues\\\/wp-content\\\/uploads\\\/2024\\\/12\\\/img-home-xlarge@2x-scaled.jpg\",\"datePublished\":\"2025-01-10T16:27:22+00:00\",\"dateModified\":\"2025-03-05T15:12:34+00:00\",\"breadcrumb\":{\"@id\":\"https:\\\/\\\/catalogues.salvador-dali.org\\\/catalogues\\\/en\\\/catalogue-raisonne-sculpture\\\/intro\\\/#breadcrumb\"},\"inLanguage\":\"en-US\",\"potentialAction\":[{\"@type\":\"ReadAction\",\"target\":[\"https:\\\/\\\/catalogues.salvador-dali.org\\\/catalogues\\\/en\\\/catalogue-raisonne-sculpture\\\/intro\\\/\"]}]},{\"@type\":\"ImageObject\",\"inLanguage\":\"en-US\",\"@id\":\"https:\\\/\\\/catalogues.salvador-dali.org\\\/catalogues\\\/en\\\/catalogue-raisonne-sculpture\\\/intro\\\/#primaryimage\",\"url\":\"https:\\\/\\\/catalogues.salvador-dali.org\\\/catalogues\\\/wp-content\\\/uploads\\\/2024\\\/12\\\/img-home-xlarge@2x-scaled.jpg\",\"contentUrl\":\"https:\\\/\\\/catalogues.salvador-dali.org\\\/catalogues\\\/wp-content\\\/uploads\\\/2024\\\/12\\\/img-home-xlarge@2x-scaled.jpg\",\"width\":2560,\"height\":1239},{\"@type\":\"BreadcrumbList\",\"@id\":\"https:\\\/\\\/catalogues.salvador-dali.org\\\/catalogues\\\/en\\\/catalogue-raisonne-sculpture\\\/intro\\\/#breadcrumb\",\"itemListElement\":[{\"@type\":\"ListItem\",\"position\":1,\"name\":\"Inici\",\"item\":\"https:\\\/\\\/catalogues.salvador-dali.org\\\/catalogues\\\/en\\\/\"},{\"@type\":\"ListItem\",\"position\":2,\"name\":\"About the Catalogue Raisonn\u00e9\"}]},{\"@type\":\"WebSite\",\"@id\":\"https:\\\/\\\/catalogues.salvador-dali.org\\\/catalogues\\\/en\\\/#website\",\"url\":\"https:\\\/\\\/catalogues.salvador-dali.org\\\/catalogues\\\/en\\\/\",\"name\":\"Cat\u00e0legs raonats\",\"description\":\"\",\"potentialAction\":[{\"@type\":\"SearchAction\",\"target\":{\"@type\":\"EntryPoint\",\"urlTemplate\":\"https:\\\/\\\/catalogues.salvador-dali.org\\\/catalogues\\\/en\\\/?s={search_term_string}\"},\"query-input\":{\"@type\":\"PropertyValueSpecification\",\"valueRequired\":true,\"valueName\":\"search_term_string\"}}],\"inLanguage\":\"en-US\"}]}<\/script>\n<!-- \/ Yoast SEO plugin. -->","yoast_head_json":{"title":"About the Catalogue Raisonn\u00e9 | Fundaci\u00f3 Gala - Salvador Dal\u00ed","robots":{"index":"index","follow":"follow","max-snippet":"max-snippet:-1","max-image-preview":"max-image-preview:large","max-video-preview":"max-video-preview:-1"},"canonical":"https:\/\/catalogues.salvador-dali.org\/catalogues\/en\/catalogue-raisonne-sculpture\/intro\/","og_locale":"en_US","og_type":"article","og_title":"About the Catalogue Raisonn\u00e9 | Fundaci\u00f3 Gala - Salvador Dal\u00ed","og_description":"The digital publication Catalogue Raisonn\u00e9 of Sculpture and Three-dimensional Work by Salvador Dal\u00ed is a comprehensive list of original sculptural work by the artist. The present publication takes as its benchmark the Catalogue Raisonn\u00e9 of Paintings by Salvador Dal\u00ed, although here the structure and presentation have been adapted to the characteristics of three-dimensional works. With [&hellip;]","og_url":"https:\/\/catalogues.salvador-dali.org\/catalogues\/en\/catalogue-raisonne-sculpture\/intro\/","og_site_name":"Cat\u00e0legs raonats","article_publisher":"https:\/\/www.facebook.com\/MuseusDali","article_modified_time":"2025-03-05T15:12:34+00:00","og_image":[{"width":2560,"height":1239,"url":"https:\/\/catalogues.salvador-dali.org\/catalogues\/wp-content\/uploads\/2024\/12\/img-home-xlarge@2x-scaled.jpg","type":"image\/jpeg"}],"twitter_card":"summary_large_image","twitter_site":"@MuseuDali","twitter_misc":{"Est. reading time":"1 minute"},"schema":{"@context":"https:\/\/schema.org","@graph":[{"@type":"WebPage","@id":"https:\/\/catalogues.salvador-dali.org\/catalogues\/en\/catalogue-raisonne-sculpture\/intro\/","url":"https:\/\/catalogues.salvador-dali.org\/catalogues\/en\/catalogue-raisonne-sculpture\/intro\/","name":"About the Catalogue Raisonn\u00e9 | Fundaci\u00f3 Gala - Salvador Dal\u00ed","isPartOf":{"@id":"https:\/\/catalogues.salvador-dali.org\/catalogues\/en\/#website"},"primaryImageOfPage":{"@id":"https:\/\/catalogues.salvador-dali.org\/catalogues\/en\/catalogue-raisonne-sculpture\/intro\/#primaryimage"},"image":{"@id":"https:\/\/catalogues.salvador-dali.org\/catalogues\/en\/catalogue-raisonne-sculpture\/intro\/#primaryimage"},"thumbnailUrl":"https:\/\/catalogues.salvador-dali.org\/catalogues\/wp-content\/uploads\/2024\/12\/img-home-xlarge@2x-scaled.jpg","datePublished":"2025-01-10T16:27:22+00:00","dateModified":"2025-03-05T15:12:34+00:00","breadcrumb":{"@id":"https:\/\/catalogues.salvador-dali.org\/catalogues\/en\/catalogue-raisonne-sculpture\/intro\/#breadcrumb"},"inLanguage":"en-US","potentialAction":[{"@type":"ReadAction","target":["https:\/\/catalogues.salvador-dali.org\/catalogues\/en\/catalogue-raisonne-sculpture\/intro\/"]}]},{"@type":"ImageObject","inLanguage":"en-US","@id":"https:\/\/catalogues.salvador-dali.org\/catalogues\/en\/catalogue-raisonne-sculpture\/intro\/#primaryimage","url":"https:\/\/catalogues.salvador-dali.org\/catalogues\/wp-content\/uploads\/2024\/12\/img-home-xlarge@2x-scaled.jpg","contentUrl":"https:\/\/catalogues.salvador-dali.org\/catalogues\/wp-content\/uploads\/2024\/12\/img-home-xlarge@2x-scaled.jpg","width":2560,"height":1239},{"@type":"BreadcrumbList","@id":"https:\/\/catalogues.salvador-dali.org\/catalogues\/en\/catalogue-raisonne-sculpture\/intro\/#breadcrumb","itemListElement":[{"@type":"ListItem","position":1,"name":"Inici","item":"https:\/\/catalogues.salvador-dali.org\/catalogues\/en\/"},{"@type":"ListItem","position":2,"name":"About the Catalogue Raisonn\u00e9"}]},{"@type":"WebSite","@id":"https:\/\/catalogues.salvador-dali.org\/catalogues\/en\/#website","url":"https:\/\/catalogues.salvador-dali.org\/catalogues\/en\/","name":"Cat\u00e0legs raonats","description":"","potentialAction":[{"@type":"SearchAction","target":{"@type":"EntryPoint","urlTemplate":"https:\/\/catalogues.salvador-dali.org\/catalogues\/en\/?s={search_term_string}"},"query-input":{"@type":"PropertyValueSpecification","valueRequired":true,"valueName":"search_term_string"}}],"inLanguage":"en-US"}]}},"_links":{"self":[{"href":"https:\/\/catalogues.salvador-dali.org\/catalogues\/en\/wp-json\/wp\/v2\/pages\/799","targetHints":{"allow":["GET"]}}],"collection":[{"href":"https:\/\/catalogues.salvador-dali.org\/catalogues\/en\/wp-json\/wp\/v2\/pages"}],"about":[{"href":"https:\/\/catalogues.salvador-dali.org\/catalogues\/en\/wp-json\/wp\/v2\/types\/page"}],"author":[{"embeddable":true,"href":"https:\/\/catalogues.salvador-dali.org\/catalogues\/en\/wp-json\/wp\/v2\/users\/1"}],"replies":[{"embeddable":true,"href":"https:\/\/catalogues.salvador-dali.org\/catalogues\/en\/wp-json\/wp\/v2\/comments?post=799"}],"version-history":[{"count":5,"href":"https:\/\/catalogues.salvador-dali.org\/catalogues\/en\/wp-json\/wp\/v2\/pages\/799\/revisions"}],"predecessor-version":[{"id":1330,"href":"https:\/\/catalogues.salvador-dali.org\/catalogues\/en\/wp-json\/wp\/v2\/pages\/799\/revisions\/1330"}],"up":[{"embeddable":true,"href":"https:\/\/catalogues.salvador-dali.org\/catalogues\/en\/wp-json\/wp\/v2\/pages\/810"}],"wp:featuredmedia":[{"embeddable":true,"href":"https:\/\/catalogues.salvador-dali.org\/catalogues\/en\/wp-json\/wp\/v2\/media\/180"}],"wp:attachment":[{"href":"https:\/\/catalogues.salvador-dali.org\/catalogues\/en\/wp-json\/wp\/v2\/media?parent=799"}],"wp:term":[{"taxonomy":"category","embeddable":true,"href":"https:\/\/catalogues.salvador-dali.org\/catalogues\/en\/wp-json\/wp\/v2\/categories?post=799"},{"taxonomy":"post_tag","embeddable":true,"href":"https:\/\/catalogues.salvador-dali.org\/catalogues\/en\/wp-json\/wp\/v2\/tags?post=799"}],"curies":[{"name":"wp","href":"https:\/\/api.w.org\/{rel}","templated":true}]}}