{"id":83,"date":"2024-12-18T18:33:40","date_gmt":"2024-12-18T16:33:40","guid":{"rendered":"https:\/\/catalogues.salvador-dali.org\/catalogues\/?page_id=83"},"modified":"2025-01-22T13:12:00","modified_gmt":"2025-01-22T11:12:00","slug":"cataleg-raonat-pintures","status":"publish","type":"page","link":"https:\/\/catalogues.salvador-dali.org\/catalogues\/ca\/cataleg-raonat-pintures\/","title":{"rendered":"Cat\u00e0leg Raonat de Pintures de Salvador Dal\u00ed"},"content":{"rendered":"\n<p>El Cat\u00e0leg Raonat de Pintures de Salvador Dal\u00ed \u00e9s un publicaci\u00f3 digital de catalogaci\u00f3 i atribuci\u00f3 que reuneix, de manera cient\u00edfica i definitiva, les obres que pertanyen a la producci\u00f3 pict\u00f2rica de Dal\u00ed compresa entre els anys 1910 i 1983. El projecte es concep com un work in progress que peri\u00f2dicament es modifica i amplia amb les dades facilitades pels especialistes de la Fundaci\u00f3 Gala-Salvador Dal\u00ed i pels estudiosos i les institucions que hi col\u00b7laboren.<\/p>\n","protected":false},"excerpt":{"rendered":"<p>El Cat\u00e0leg Raonat de Pintures de Salvador Dal\u00ed \u00e9s un publicaci\u00f3 digital de catalogaci\u00f3 i atribuci\u00f3 que reuneix, de manera cient\u00edfica i definitiva, les obres que pertanyen a la producci\u00f3 pict\u00f2rica de Dal\u00ed compresa entre els anys 1910 i 1983. El projecte es concep com un work in progress que peri\u00f2dicament es modifica i amplia [&hellip;]<\/p>\n","protected":false},"author":1,"featured_media":175,"parent":0,"menu_order":1,"comment_status":"closed","ping_status":"closed","template":"page-header-seleccio.php","meta":{"_acf_changed":false,"_coblocks_attr":"","_coblocks_dimensions":"","_coblocks_responsive_height":"","_coblocks_accordion_ie_support":"","footnotes":""},"categories":[],"tags":[],"class_list":["post-83","page","type-page","status-publish","has-post-thumbnail","hentry"],"acf":[],"yoast_head":"<!-- This site is optimized with the Yoast SEO plugin v27.3 - https:\/\/yoast.com\/product\/yoast-seo-wordpress\/ -->\n<title>Cat\u00e0leg Raonat de Pintures de Salvador Dal\u00ed | Fundaci\u00f3 Gala - Salvador Dal\u00ed<\/title>\n<meta name=\"robots\" content=\"index, follow, max-snippet:-1, max-image-preview:large, max-video-preview:-1\" \/>\n<link rel=\"canonical\" href=\"https:\/\/catalogues.salvador-dali.org\/catalogues\/ca\/cataleg-raonat-pintures\/\" \/>\n<meta property=\"og:locale\" content=\"ca_ES\" \/>\n<meta property=\"og:type\" content=\"article\" \/>\n<meta property=\"og:title\" content=\"Cat\u00e0leg Raonat de Pintures de Salvador Dal\u00ed | Fundaci\u00f3 Gala - Salvador Dal\u00ed\" \/>\n<meta property=\"og:description\" content=\"El Cat\u00e0leg Raonat de Pintures de Salvador Dal\u00ed \u00e9s un publicaci\u00f3 digital de catalogaci\u00f3 i atribuci\u00f3 que reuneix, de manera cient\u00edfica i definitiva, les obres que pertanyen a la producci\u00f3 pict\u00f2rica de Dal\u00ed compresa entre els anys 1910 i 1983. El projecte es concep com un work in progress que peri\u00f2dicament es modifica i amplia [&hellip;]\" \/>\n<meta property=\"og:url\" content=\"https:\/\/catalogues.salvador-dali.org\/catalogues\/ca\/cataleg-raonat-pintures\/\" \/>\n<meta property=\"og:site_name\" content=\"Cat\u00e0legs raonats\" \/>\n<meta property=\"article:publisher\" content=\"https:\/\/www.facebook.com\/MuseusDali\" \/>\n<meta property=\"article:modified_time\" content=\"2025-01-22T11:12:00+00:00\" \/>\n<meta property=\"og:image\" content=\"https:\/\/catalogues.salvador-dali.org\/catalogues\/wp-content\/uploads\/2024\/12\/equip_int@2x-e1737544314295.jpg\" \/>\n\t<meta property=\"og:image:width\" content=\"464\" \/>\n\t<meta property=\"og:image:height\" content=\"552\" \/>\n\t<meta property=\"og:image:type\" content=\"image\/jpeg\" \/>\n<meta name=\"twitter:card\" content=\"summary_large_image\" \/>\n<meta name=\"twitter:site\" content=\"@MuseuDali\" \/>\n<meta name=\"twitter:label1\" content=\"Temps estimat de lectura\" \/>\n\t<meta name=\"twitter:data1\" content=\"1 minut\" \/>\n<script type=\"application\/ld+json\" class=\"yoast-schema-graph\">{\"@context\":\"https:\\\/\\\/schema.org\",\"@graph\":[{\"@type\":\"WebPage\",\"@id\":\"https:\\\/\\\/catalogues.salvador-dali.org\\\/catalogues\\\/ca\\\/cataleg-raonat-pintures\\\/\",\"url\":\"https:\\\/\\\/catalogues.salvador-dali.org\\\/catalogues\\\/ca\\\/cataleg-raonat-pintures\\\/\",\"name\":\"Cat\u00e0leg Raonat de Pintures de Salvador Dal\u00ed | Fundaci\u00f3 Gala - Salvador Dal\u00ed\",\"isPartOf\":{\"@id\":\"https:\\\/\\\/catalogues.salvador-dali.org\\\/catalogues\\\/ca\\\/#website\"},\"primaryImageOfPage\":{\"@id\":\"https:\\\/\\\/catalogues.salvador-dali.org\\\/catalogues\\\/ca\\\/cataleg-raonat-pintures\\\/#primaryimage\"},\"image\":{\"@id\":\"https:\\\/\\\/catalogues.salvador-dali.org\\\/catalogues\\\/ca\\\/cataleg-raonat-pintures\\\/#primaryimage\"},\"thumbnailUrl\":\"https:\\\/\\\/catalogues.salvador-dali.org\\\/catalogues\\\/wp-content\\\/uploads\\\/2024\\\/12\\\/equip_int@2x-e1737544314295.jpg\",\"datePublished\":\"2024-12-18T16:33:40+00:00\",\"dateModified\":\"2025-01-22T11:12:00+00:00\",\"breadcrumb\":{\"@id\":\"https:\\\/\\\/catalogues.salvador-dali.org\\\/catalogues\\\/ca\\\/cataleg-raonat-pintures\\\/#breadcrumb\"},\"inLanguage\":\"ca\",\"potentialAction\":[{\"@type\":\"ReadAction\",\"target\":[\"https:\\\/\\\/catalogues.salvador-dali.org\\\/catalogues\\\/ca\\\/cataleg-raonat-pintures\\\/\"]}]},{\"@type\":\"ImageObject\",\"inLanguage\":\"ca\",\"@id\":\"https:\\\/\\\/catalogues.salvador-dali.org\\\/catalogues\\\/ca\\\/cataleg-raonat-pintures\\\/#primaryimage\",\"url\":\"https:\\\/\\\/catalogues.salvador-dali.org\\\/catalogues\\\/wp-content\\\/uploads\\\/2024\\\/12\\\/equip_int@2x-e1737544314295.jpg\",\"contentUrl\":\"https:\\\/\\\/catalogues.salvador-dali.org\\\/catalogues\\\/wp-content\\\/uploads\\\/2024\\\/12\\\/equip_int@2x-e1737544314295.jpg\",\"width\":464,\"height\":552,\"caption\":\"Carlos P\u00e9rez de Rozas, Salvador Dal\u00ed pintant l'obra Gala Plac\u00eddia al taller de Portlligat, c. 1952.\"},{\"@type\":\"BreadcrumbList\",\"@id\":\"https:\\\/\\\/catalogues.salvador-dali.org\\\/catalogues\\\/ca\\\/cataleg-raonat-pintures\\\/#breadcrumb\",\"itemListElement\":[{\"@type\":\"ListItem\",\"position\":1,\"name\":\"Inici\",\"item\":\"https:\\\/\\\/catalogues.salvador-dali.org\\\/catalogues\\\/ca\\\/\"},{\"@type\":\"ListItem\",\"position\":2,\"name\":\"Cat\u00e0leg Raonat de Pintures de Salvador Dal\u00ed\"}]},{\"@type\":\"WebSite\",\"@id\":\"https:\\\/\\\/catalogues.salvador-dali.org\\\/catalogues\\\/ca\\\/#website\",\"url\":\"https:\\\/\\\/catalogues.salvador-dali.org\\\/catalogues\\\/ca\\\/\",\"name\":\"Cat\u00e0legs raonats\",\"description\":\"\",\"potentialAction\":[{\"@type\":\"SearchAction\",\"target\":{\"@type\":\"EntryPoint\",\"urlTemplate\":\"https:\\\/\\\/catalogues.salvador-dali.org\\\/catalogues\\\/ca\\\/?s={search_term_string}\"},\"query-input\":{\"@type\":\"PropertyValueSpecification\",\"valueRequired\":true,\"valueName\":\"search_term_string\"}}],\"inLanguage\":\"ca\"}]}<\/script>\n<!-- \/ Yoast SEO plugin. -->","yoast_head_json":{"title":"Cat\u00e0leg Raonat de Pintures de Salvador Dal\u00ed | Fundaci\u00f3 Gala - Salvador Dal\u00ed","robots":{"index":"index","follow":"follow","max-snippet":"max-snippet:-1","max-image-preview":"max-image-preview:large","max-video-preview":"max-video-preview:-1"},"canonical":"https:\/\/catalogues.salvador-dali.org\/catalogues\/ca\/cataleg-raonat-pintures\/","og_locale":"ca_ES","og_type":"article","og_title":"Cat\u00e0leg Raonat de Pintures de Salvador Dal\u00ed | Fundaci\u00f3 Gala - Salvador Dal\u00ed","og_description":"El Cat\u00e0leg Raonat de Pintures de Salvador Dal\u00ed \u00e9s un publicaci\u00f3 digital de catalogaci\u00f3 i atribuci\u00f3 que reuneix, de manera cient\u00edfica i definitiva, les obres que pertanyen a la producci\u00f3 pict\u00f2rica de Dal\u00ed compresa entre els anys 1910 i 1983. El projecte es concep com un work in progress que peri\u00f2dicament es modifica i amplia [&hellip;]","og_url":"https:\/\/catalogues.salvador-dali.org\/catalogues\/ca\/cataleg-raonat-pintures\/","og_site_name":"Cat\u00e0legs raonats","article_publisher":"https:\/\/www.facebook.com\/MuseusDali","article_modified_time":"2025-01-22T11:12:00+00:00","og_image":[{"width":464,"height":552,"url":"https:\/\/catalogues.salvador-dali.org\/catalogues\/wp-content\/uploads\/2024\/12\/equip_int@2x-e1737544314295.jpg","type":"image\/jpeg"}],"twitter_card":"summary_large_image","twitter_site":"@MuseuDali","twitter_misc":{"Temps estimat de lectura":"1 minut"},"schema":{"@context":"https:\/\/schema.org","@graph":[{"@type":"WebPage","@id":"https:\/\/catalogues.salvador-dali.org\/catalogues\/ca\/cataleg-raonat-pintures\/","url":"https:\/\/catalogues.salvador-dali.org\/catalogues\/ca\/cataleg-raonat-pintures\/","name":"Cat\u00e0leg Raonat de Pintures de Salvador Dal\u00ed | Fundaci\u00f3 Gala - Salvador Dal\u00ed","isPartOf":{"@id":"https:\/\/catalogues.salvador-dali.org\/catalogues\/ca\/#website"},"primaryImageOfPage":{"@id":"https:\/\/catalogues.salvador-dali.org\/catalogues\/ca\/cataleg-raonat-pintures\/#primaryimage"},"image":{"@id":"https:\/\/catalogues.salvador-dali.org\/catalogues\/ca\/cataleg-raonat-pintures\/#primaryimage"},"thumbnailUrl":"https:\/\/catalogues.salvador-dali.org\/catalogues\/wp-content\/uploads\/2024\/12\/equip_int@2x-e1737544314295.jpg","datePublished":"2024-12-18T16:33:40+00:00","dateModified":"2025-01-22T11:12:00+00:00","breadcrumb":{"@id":"https:\/\/catalogues.salvador-dali.org\/catalogues\/ca\/cataleg-raonat-pintures\/#breadcrumb"},"inLanguage":"ca","potentialAction":[{"@type":"ReadAction","target":["https:\/\/catalogues.salvador-dali.org\/catalogues\/ca\/cataleg-raonat-pintures\/"]}]},{"@type":"ImageObject","inLanguage":"ca","@id":"https:\/\/catalogues.salvador-dali.org\/catalogues\/ca\/cataleg-raonat-pintures\/#primaryimage","url":"https:\/\/catalogues.salvador-dali.org\/catalogues\/wp-content\/uploads\/2024\/12\/equip_int@2x-e1737544314295.jpg","contentUrl":"https:\/\/catalogues.salvador-dali.org\/catalogues\/wp-content\/uploads\/2024\/12\/equip_int@2x-e1737544314295.jpg","width":464,"height":552,"caption":"Carlos P\u00e9rez de Rozas, Salvador Dal\u00ed pintant l'obra Gala Plac\u00eddia al taller de Portlligat, c. 1952."},{"@type":"BreadcrumbList","@id":"https:\/\/catalogues.salvador-dali.org\/catalogues\/ca\/cataleg-raonat-pintures\/#breadcrumb","itemListElement":[{"@type":"ListItem","position":1,"name":"Inici","item":"https:\/\/catalogues.salvador-dali.org\/catalogues\/ca\/"},{"@type":"ListItem","position":2,"name":"Cat\u00e0leg Raonat de Pintures de Salvador Dal\u00ed"}]},{"@type":"WebSite","@id":"https:\/\/catalogues.salvador-dali.org\/catalogues\/ca\/#website","url":"https:\/\/catalogues.salvador-dali.org\/catalogues\/ca\/","name":"Cat\u00e0legs raonats","description":"","potentialAction":[{"@type":"SearchAction","target":{"@type":"EntryPoint","urlTemplate":"https:\/\/catalogues.salvador-dali.org\/catalogues\/ca\/?s={search_term_string}"},"query-input":{"@type":"PropertyValueSpecification","valueRequired":true,"valueName":"search_term_string"}}],"inLanguage":"ca"}]}},"_links":{"self":[{"href":"https:\/\/catalogues.salvador-dali.org\/catalogues\/ca\/wp-json\/wp\/v2\/pages\/83","targetHints":{"allow":["GET"]}}],"collection":[{"href":"https:\/\/catalogues.salvador-dali.org\/catalogues\/ca\/wp-json\/wp\/v2\/pages"}],"about":[{"href":"https:\/\/catalogues.salvador-dali.org\/catalogues\/ca\/wp-json\/wp\/v2\/types\/page"}],"author":[{"embeddable":true,"href":"https:\/\/catalogues.salvador-dali.org\/catalogues\/ca\/wp-json\/wp\/v2\/users\/1"}],"replies":[{"embeddable":true,"href":"https:\/\/catalogues.salvador-dali.org\/catalogues\/ca\/wp-json\/wp\/v2\/comments?post=83"}],"version-history":[{"count":12,"href":"https:\/\/catalogues.salvador-dali.org\/catalogues\/ca\/wp-json\/wp\/v2\/pages\/83\/revisions"}],"predecessor-version":[{"id":965,"href":"https:\/\/catalogues.salvador-dali.org\/catalogues\/ca\/wp-json\/wp\/v2\/pages\/83\/revisions\/965"}],"wp:featuredmedia":[{"embeddable":true,"href":"https:\/\/catalogues.salvador-dali.org\/catalogues\/ca\/wp-json\/wp\/v2\/media\/175"}],"wp:attachment":[{"href":"https:\/\/catalogues.salvador-dali.org\/catalogues\/ca\/wp-json\/wp\/v2\/media?parent=83"}],"wp:term":[{"taxonomy":"category","embeddable":true,"href":"https:\/\/catalogues.salvador-dali.org\/catalogues\/ca\/wp-json\/wp\/v2\/categories?post=83"},{"taxonomy":"post_tag","embeddable":true,"href":"https:\/\/catalogues.salvador-dali.org\/catalogues\/ca\/wp-json\/wp\/v2\/tags?post=83"}],"curies":[{"name":"wp","href":"https:\/\/api.w.org\/{rel}","templated":true}]}}