{"id":311,"date":"2024-12-27T14:05:15","date_gmt":"2024-12-27T12:05:15","guid":{"rendered":"https:\/\/catalogues.salvador-dali.org\/catalogues\/?page_id=311"},"modified":"2025-01-22T17:59:40","modified_gmt":"2025-01-22T15:59:40","slug":"contacte","status":"publish","type":"page","link":"https:\/\/catalogues.salvador-dali.org\/catalogues\/ca\/cataleg-raonat-pintures\/contacte\/","title":{"rendered":"Contacte"},"content":{"rendered":"\n<p><\/p>\n\n\n\n<div class=\"wp-block-columns col-text marges is-layout-flex wp-container-core-columns-is-layout-9d6595d7 wp-block-columns-is-layout-flex\">\n<div class=\"wp-block-column is-layout-flow wp-block-column-is-layout-flow\">\n<figure class=\"wp-block-image size-full\"><img loading=\"lazy\" decoding=\"async\" width=\"357\" height=\"244\" src=\"https:\/\/catalogues.salvador-dali.org\/catalogues\/wp-content\/uploads\/2024\/12\/1271.jpg\" alt=\"\" class=\"wp-image-318\" srcset=\"https:\/\/catalogues.salvador-dali.org\/catalogues\/wp-content\/uploads\/2024\/12\/1271.jpg 357w, https:\/\/catalogues.salvador-dali.org\/catalogues\/wp-content\/uploads\/2024\/12\/1271-300x205.jpg 300w\" sizes=\"auto, (max-width: 357px) 100vw, 357px\" \/><\/figure>\n<\/div>\n\n\n\n<div class=\"wp-block-column is-layout-flow wp-block-column-is-layout-flow\">\n<p>Un dels principals objectius de la Fundaci\u00f3 Gala-Salvador Dal\u00ed \u00e9s estudiar i difondre l&#8217;obra de Dal\u00ed. Per aix\u00f2, estem molt interessats a rebre qualsevol informaci\u00f3 relacionada amb les obres que formen part d&#8217;aquest&nbsp;<em>Cat\u00e0leg Raonat de Pintures de Salvador Dal\u00ed<\/em>. Pot dirigir-se al Centre d&#8217;Estudis Dalinians a trav\u00e9s de l&#8217;adre\u00e7a de correu electr\u00f2nic <a href=\"mailto:cr.pintures@fundaciodali.org\">cr.pintures@fundaciodali.org<\/a>, o b\u00e9 per correu ordinari a l&#8217;adre\u00e7a:<\/p>\n\n\n\n<p>Fundaci\u00f3 Gala-Salvador Dal\u00ed<br>Pujada del Castell, 28<br>E17600 Figueres<br>Tel. (+34) 972 677 514<br>Fax. (+34) 972 51 01 40<\/p>\n\n\n\n<p>Tamb\u00e9 pot omplir aquest formulari amb la informaci\u00f3 sol\u00b7licitada en cadascun dels camps.<\/p>\n\n\n\n<div class=\"wpcf7 no-js\" id=\"wpcf7-f426-o1\" lang=\"ca\" dir=\"ltr\" data-wpcf7-id=\"426\">\n<div class=\"screen-reader-response\"><p role=\"status\" aria-live=\"polite\" aria-atomic=\"true\"><\/p> <ul><\/ul><\/div>\n<form action=\"\/catalogues\/ca\/wp-json\/wp\/v2\/pages\/311#wpcf7-f426-o1\" method=\"post\" class=\"wpcf7-form init\" aria-label=\"Formulari de contacte\" enctype=\"multipart\/form-data\" novalidate=\"novalidate\" data-status=\"init\">\n<fieldset class=\"hidden-fields-container\"><input type=\"hidden\" name=\"_wpcf7\" value=\"426\" \/><input type=\"hidden\" name=\"_wpcf7_version\" value=\"6.1.1\" \/><input type=\"hidden\" name=\"_wpcf7_locale\" value=\"ca\" \/><input type=\"hidden\" name=\"_wpcf7_unit_tag\" value=\"wpcf7-f426-o1\" \/><input type=\"hidden\" name=\"_wpcf7_container_post\" value=\"0\" \/><input type=\"hidden\" name=\"_wpcf7_posted_data_hash\" value=\"\" \/><input type=\"hidden\" name=\"_wpcf7_recaptcha_response\" value=\"\" \/>\n<\/fieldset>\n<p><span class=\"wpcf7-form-control-wrap\" data-name=\"your-subject\"><input size=\"40\" maxlength=\"400\" class=\"wpcf7-form-control wpcf7-text wpcf7-validates-as-required\" aria-required=\"true\" aria-invalid=\"false\" placeholder=\"N\u00fam. cat. P*\" value=\"\" type=\"text\" name=\"your-subject\" \/><\/span>\n<\/p>\n<p><span class=\"wpcf7-form-control-wrap\" data-name=\"your-name\"><input size=\"40\" maxlength=\"400\" class=\"wpcf7-form-control wpcf7-text wpcf7-validates-as-required\" autocomplete=\"name\" aria-required=\"true\" aria-invalid=\"false\" placeholder=\"Nom i Cognoms*\" value=\"\" type=\"text\" name=\"your-name\" \/><\/span>\n<\/p>\n<p><span class=\"wpcf7-form-control-wrap\" data-name=\"your-email\"><input size=\"40\" maxlength=\"400\" class=\"wpcf7-form-control wpcf7-email wpcf7-validates-as-required wpcf7-text wpcf7-validates-as-email\" autocomplete=\"email\" aria-required=\"true\" aria-invalid=\"false\" placeholder=\"Correu electr\u00f2nic*\" value=\"\" type=\"email\" name=\"your-email\" \/><\/span>\n<\/p>\n<p><span class=\"wpcf7-form-control-wrap\" data-name=\"your-message\"><textarea cols=\"40\" rows=\"10\" maxlength=\"2000\" class=\"wpcf7-form-control wpcf7-textarea\" aria-invalid=\"false\" placeholder=\"Missatge*\" name=\"your-message\"><\/textarea><\/span>\n<\/p>\n<p><span class=\"wpcf7-form-control-wrap\" data-name=\"file-200\"><input size=\"40\" class=\"wpcf7-form-control wpcf7-file\" id=\"file-upload\" accept=\"audio\/*,video\/*,image\/*,.txt,application\/pdf\" aria-invalid=\"false\" type=\"file\" name=\"file-200\" \/><\/span>\n<\/p>\n<p><span class=\"wpcf7-form-control-wrap\" data-name=\"proteccio-dades-728\"><span class=\"wpcf7-form-control wpcf7-acceptance\"><span class=\"wpcf7-list-item\"><label><input type=\"checkbox\" name=\"proteccio-dades-728\" value=\"1\" aria-invalid=\"false\" \/><span class=\"wpcf7-list-item-label\">He llegit, entenc i accepto la <a target=\"_blank\" href=\"https:\/\/www.salvador-dali.org\/ca\/privacitat\/\">Pol\u00edtica de Privacitat i protecci\u00f3 de dades<\/a><\/span><\/label><\/span><\/span><\/span>\n<\/p>\n<p><small><br \/>\n* Els camps del formulari marcats amb un asterisc s\u00f3n estrictament necessaris per atendre la vostra sol\u00b7licitud, i \u00e9s volunt\u00e0ria la inclusi\u00f3 de dades en la resta de camps. La no complementaci\u00f3 o la complementaci\u00f3 parcial de les dades sol\u00b7licitades podrien suposar que la Fundaci\u00f3 no pogu\u00e9s atendre la vostra sol\u00b7licitud.<br \/>\nFUNDACI\u00d3 GALA-SALVADOR DAL\u00cd tractar\u00e0 les meves dades personals amb la finalitat de processar la meva sol\u00b7licitud de subscripci\u00f3 i enviar-me comunicacions (incloent mitjans electr\u00f2nics) sobre les seves activitats, aix\u00ed com per complir les seves obligacions legals. La Pol\u00edtica de privacitat i protecci\u00f3 de dades indica com puc exercir els meus drets d'acc\u00e9s, rectificaci\u00f3, supressi\u00f3, limitaci\u00f3, portabilitat i oposici\u00f3.<br \/>\n<\/small>\n<\/p>\n<p><input class=\"wpcf7-form-control wpcf7-submit has-spinner\" type=\"submit\" value=\"Envia\" \/>\n<\/p><div class=\"wpcf7-response-output\" aria-hidden=\"true\"><\/div>\n<\/form>\n<\/div>\n\n<\/div>\n<\/div>\n\n\n\n<p><\/p>\n","protected":false},"excerpt":{"rendered":"<p>Un dels principals objectius de la Fundaci\u00f3 Gala-Salvador Dal\u00ed \u00e9s estudiar i difondre l&#8217;obra de Dal\u00ed. Per aix\u00f2, estem molt interessats a rebre qualsevol informaci\u00f3 relacionada amb les obres que formen part d&#8217;aquest&nbsp;Cat\u00e0leg Raonat de Pintures de Salvador Dal\u00ed. Pot dirigir-se al Centre d&#8217;Estudis Dalinians a trav\u00e9s de l&#8217;adre\u00e7a de correu electr\u00f2nic cr.pintures@fundaciodali.org, o b\u00e9 [&hellip;]<\/p>\n","protected":false},"author":1,"featured_media":0,"parent":83,"menu_order":1,"comment_status":"closed","ping_status":"closed","template":"","meta":{"_acf_changed":false,"_coblocks_attr":"","_coblocks_dimensions":"","_coblocks_responsive_height":"","_coblocks_accordion_ie_support":"","footnotes":""},"categories":[],"tags":[],"class_list":["post-311","page","type-page","status-publish","hentry"],"acf":[],"yoast_head":"<!-- This site is optimized with the Yoast SEO plugin v27.4 - https:\/\/yoast.com\/product\/yoast-seo-wordpress\/ -->\n<title>Contacte | Fundaci\u00f3 Gala - Salvador Dal\u00ed<\/title>\n<meta name=\"robots\" content=\"index, follow, max-snippet:-1, max-image-preview:large, max-video-preview:-1\" \/>\n<link rel=\"canonical\" href=\"https:\/\/catalogues.salvador-dali.org\/catalogues\/ca\/cataleg-raonat-pintures\/contacte\/\" \/>\n<meta property=\"og:locale\" content=\"ca_ES\" \/>\n<meta property=\"og:type\" content=\"article\" \/>\n<meta property=\"og:title\" content=\"Contacte | Fundaci\u00f3 Gala - Salvador Dal\u00ed\" \/>\n<meta property=\"og:description\" content=\"Un dels principals objectius de la Fundaci\u00f3 Gala-Salvador Dal\u00ed \u00e9s estudiar i difondre l&#8217;obra de Dal\u00ed. Per aix\u00f2, estem molt interessats a rebre qualsevol informaci\u00f3 relacionada amb les obres que formen part d&#8217;aquest&nbsp;Cat\u00e0leg Raonat de Pintures de Salvador Dal\u00ed. Pot dirigir-se al Centre d&#8217;Estudis Dalinians a trav\u00e9s de l&#8217;adre\u00e7a de correu electr\u00f2nic cr.pintures@fundaciodali.org, o b\u00e9 [&hellip;]\" \/>\n<meta property=\"og:url\" content=\"https:\/\/catalogues.salvador-dali.org\/catalogues\/ca\/cataleg-raonat-pintures\/contacte\/\" \/>\n<meta property=\"og:site_name\" content=\"Cat\u00e0legs raonats\" \/>\n<meta property=\"article:publisher\" content=\"https:\/\/www.facebook.com\/MuseusDali\" \/>\n<meta property=\"article:modified_time\" content=\"2025-01-22T15:59:40+00:00\" \/>\n<meta property=\"og:image\" content=\"https:\/\/catalogues.salvador-dali.org\/catalogues\/wp-content\/uploads\/2024\/12\/1271.jpg\" \/>\n<meta name=\"twitter:card\" content=\"summary_large_image\" \/>\n<meta name=\"twitter:site\" content=\"@MuseuDali\" \/>\n<meta name=\"twitter:label1\" content=\"Temps estimat de lectura\" \/>\n\t<meta name=\"twitter:data1\" content=\"1 minut\" \/>\n<script type=\"application\/ld+json\" class=\"yoast-schema-graph\">{\"@context\":\"https:\\\/\\\/schema.org\",\"@graph\":[{\"@type\":\"WebPage\",\"@id\":\"https:\\\/\\\/catalogues.salvador-dali.org\\\/catalogues\\\/ca\\\/cataleg-raonat-pintures\\\/contacte\\\/\",\"url\":\"https:\\\/\\\/catalogues.salvador-dali.org\\\/catalogues\\\/ca\\\/cataleg-raonat-pintures\\\/contacte\\\/\",\"name\":\"Contacte | Fundaci\u00f3 Gala - Salvador Dal\u00ed\",\"isPartOf\":{\"@id\":\"https:\\\/\\\/catalogues.salvador-dali.org\\\/catalogues\\\/ca\\\/#website\"},\"primaryImageOfPage\":{\"@id\":\"https:\\\/\\\/catalogues.salvador-dali.org\\\/catalogues\\\/ca\\\/cataleg-raonat-pintures\\\/contacte\\\/#primaryimage\"},\"image\":{\"@id\":\"https:\\\/\\\/catalogues.salvador-dali.org\\\/catalogues\\\/ca\\\/cataleg-raonat-pintures\\\/contacte\\\/#primaryimage\"},\"thumbnailUrl\":\"https:\\\/\\\/catalogues.salvador-dali.org\\\/catalogues\\\/wp-content\\\/uploads\\\/2024\\\/12\\\/1271.jpg\",\"datePublished\":\"2024-12-27T12:05:15+00:00\",\"dateModified\":\"2025-01-22T15:59:40+00:00\",\"breadcrumb\":{\"@id\":\"https:\\\/\\\/catalogues.salvador-dali.org\\\/catalogues\\\/ca\\\/cataleg-raonat-pintures\\\/contacte\\\/#breadcrumb\"},\"inLanguage\":\"ca\",\"potentialAction\":[{\"@type\":\"ReadAction\",\"target\":[\"https:\\\/\\\/catalogues.salvador-dali.org\\\/catalogues\\\/ca\\\/cataleg-raonat-pintures\\\/contacte\\\/\"]}]},{\"@type\":\"ImageObject\",\"inLanguage\":\"ca\",\"@id\":\"https:\\\/\\\/catalogues.salvador-dali.org\\\/catalogues\\\/ca\\\/cataleg-raonat-pintures\\\/contacte\\\/#primaryimage\",\"url\":\"https:\\\/\\\/catalogues.salvador-dali.org\\\/catalogues\\\/wp-content\\\/uploads\\\/2024\\\/12\\\/1271.jpg\",\"contentUrl\":\"https:\\\/\\\/catalogues.salvador-dali.org\\\/catalogues\\\/wp-content\\\/uploads\\\/2024\\\/12\\\/1271.jpg\"},{\"@type\":\"BreadcrumbList\",\"@id\":\"https:\\\/\\\/catalogues.salvador-dali.org\\\/catalogues\\\/ca\\\/cataleg-raonat-pintures\\\/contacte\\\/#breadcrumb\",\"itemListElement\":[{\"@type\":\"ListItem\",\"position\":1,\"name\":\"Inici\",\"item\":\"https:\\\/\\\/catalogues.salvador-dali.org\\\/catalogues\\\/ca\\\/\"},{\"@type\":\"ListItem\",\"position\":2,\"name\":\"Contacte\"}]},{\"@type\":\"WebSite\",\"@id\":\"https:\\\/\\\/catalogues.salvador-dali.org\\\/catalogues\\\/ca\\\/#website\",\"url\":\"https:\\\/\\\/catalogues.salvador-dali.org\\\/catalogues\\\/ca\\\/\",\"name\":\"Cat\u00e0legs raonats\",\"description\":\"\",\"potentialAction\":[{\"@type\":\"SearchAction\",\"target\":{\"@type\":\"EntryPoint\",\"urlTemplate\":\"https:\\\/\\\/catalogues.salvador-dali.org\\\/catalogues\\\/ca\\\/?s={search_term_string}\"},\"query-input\":{\"@type\":\"PropertyValueSpecification\",\"valueRequired\":true,\"valueName\":\"search_term_string\"}}],\"inLanguage\":\"ca\"}]}<\/script>\n<!-- \/ Yoast SEO plugin. -->","yoast_head_json":{"title":"Contacte | Fundaci\u00f3 Gala - Salvador Dal\u00ed","robots":{"index":"index","follow":"follow","max-snippet":"max-snippet:-1","max-image-preview":"max-image-preview:large","max-video-preview":"max-video-preview:-1"},"canonical":"https:\/\/catalogues.salvador-dali.org\/catalogues\/ca\/cataleg-raonat-pintures\/contacte\/","og_locale":"ca_ES","og_type":"article","og_title":"Contacte | Fundaci\u00f3 Gala - Salvador Dal\u00ed","og_description":"Un dels principals objectius de la Fundaci\u00f3 Gala-Salvador Dal\u00ed \u00e9s estudiar i difondre l&#8217;obra de Dal\u00ed. Per aix\u00f2, estem molt interessats a rebre qualsevol informaci\u00f3 relacionada amb les obres que formen part d&#8217;aquest&nbsp;Cat\u00e0leg Raonat de Pintures de Salvador Dal\u00ed. Pot dirigir-se al Centre d&#8217;Estudis Dalinians a trav\u00e9s de l&#8217;adre\u00e7a de correu electr\u00f2nic cr.pintures@fundaciodali.org, o b\u00e9 [&hellip;]","og_url":"https:\/\/catalogues.salvador-dali.org\/catalogues\/ca\/cataleg-raonat-pintures\/contacte\/","og_site_name":"Cat\u00e0legs raonats","article_publisher":"https:\/\/www.facebook.com\/MuseusDali","article_modified_time":"2025-01-22T15:59:40+00:00","og_image":[{"url":"https:\/\/catalogues.salvador-dali.org\/catalogues\/wp-content\/uploads\/2024\/12\/1271.jpg","type":"","width":"","height":""}],"twitter_card":"summary_large_image","twitter_site":"@MuseuDali","twitter_misc":{"Temps estimat de lectura":"1 minut"},"schema":{"@context":"https:\/\/schema.org","@graph":[{"@type":"WebPage","@id":"https:\/\/catalogues.salvador-dali.org\/catalogues\/ca\/cataleg-raonat-pintures\/contacte\/","url":"https:\/\/catalogues.salvador-dali.org\/catalogues\/ca\/cataleg-raonat-pintures\/contacte\/","name":"Contacte | Fundaci\u00f3 Gala - Salvador Dal\u00ed","isPartOf":{"@id":"https:\/\/catalogues.salvador-dali.org\/catalogues\/ca\/#website"},"primaryImageOfPage":{"@id":"https:\/\/catalogues.salvador-dali.org\/catalogues\/ca\/cataleg-raonat-pintures\/contacte\/#primaryimage"},"image":{"@id":"https:\/\/catalogues.salvador-dali.org\/catalogues\/ca\/cataleg-raonat-pintures\/contacte\/#primaryimage"},"thumbnailUrl":"https:\/\/catalogues.salvador-dali.org\/catalogues\/wp-content\/uploads\/2024\/12\/1271.jpg","datePublished":"2024-12-27T12:05:15+00:00","dateModified":"2025-01-22T15:59:40+00:00","breadcrumb":{"@id":"https:\/\/catalogues.salvador-dali.org\/catalogues\/ca\/cataleg-raonat-pintures\/contacte\/#breadcrumb"},"inLanguage":"ca","potentialAction":[{"@type":"ReadAction","target":["https:\/\/catalogues.salvador-dali.org\/catalogues\/ca\/cataleg-raonat-pintures\/contacte\/"]}]},{"@type":"ImageObject","inLanguage":"ca","@id":"https:\/\/catalogues.salvador-dali.org\/catalogues\/ca\/cataleg-raonat-pintures\/contacte\/#primaryimage","url":"https:\/\/catalogues.salvador-dali.org\/catalogues\/wp-content\/uploads\/2024\/12\/1271.jpg","contentUrl":"https:\/\/catalogues.salvador-dali.org\/catalogues\/wp-content\/uploads\/2024\/12\/1271.jpg"},{"@type":"BreadcrumbList","@id":"https:\/\/catalogues.salvador-dali.org\/catalogues\/ca\/cataleg-raonat-pintures\/contacte\/#breadcrumb","itemListElement":[{"@type":"ListItem","position":1,"name":"Inici","item":"https:\/\/catalogues.salvador-dali.org\/catalogues\/ca\/"},{"@type":"ListItem","position":2,"name":"Contacte"}]},{"@type":"WebSite","@id":"https:\/\/catalogues.salvador-dali.org\/catalogues\/ca\/#website","url":"https:\/\/catalogues.salvador-dali.org\/catalogues\/ca\/","name":"Cat\u00e0legs raonats","description":"","potentialAction":[{"@type":"SearchAction","target":{"@type":"EntryPoint","urlTemplate":"https:\/\/catalogues.salvador-dali.org\/catalogues\/ca\/?s={search_term_string}"},"query-input":{"@type":"PropertyValueSpecification","valueRequired":true,"valueName":"search_term_string"}}],"inLanguage":"ca"}]}},"_links":{"self":[{"href":"https:\/\/catalogues.salvador-dali.org\/catalogues\/ca\/wp-json\/wp\/v2\/pages\/311","targetHints":{"allow":["GET"]}}],"collection":[{"href":"https:\/\/catalogues.salvador-dali.org\/catalogues\/ca\/wp-json\/wp\/v2\/pages"}],"about":[{"href":"https:\/\/catalogues.salvador-dali.org\/catalogues\/ca\/wp-json\/wp\/v2\/types\/page"}],"author":[{"embeddable":true,"href":"https:\/\/catalogues.salvador-dali.org\/catalogues\/ca\/wp-json\/wp\/v2\/users\/1"}],"replies":[{"embeddable":true,"href":"https:\/\/catalogues.salvador-dali.org\/catalogues\/ca\/wp-json\/wp\/v2\/comments?post=311"}],"version-history":[{"count":6,"href":"https:\/\/catalogues.salvador-dali.org\/catalogues\/ca\/wp-json\/wp\/v2\/pages\/311\/revisions"}],"predecessor-version":[{"id":1098,"href":"https:\/\/catalogues.salvador-dali.org\/catalogues\/ca\/wp-json\/wp\/v2\/pages\/311\/revisions\/1098"}],"up":[{"embeddable":true,"href":"https:\/\/catalogues.salvador-dali.org\/catalogues\/ca\/wp-json\/wp\/v2\/pages\/83"}],"wp:attachment":[{"href":"https:\/\/catalogues.salvador-dali.org\/catalogues\/ca\/wp-json\/wp\/v2\/media?parent=311"}],"wp:term":[{"taxonomy":"category","embeddable":true,"href":"https:\/\/catalogues.salvador-dali.org\/catalogues\/ca\/wp-json\/wp\/v2\/categories?post=311"},{"taxonomy":"post_tag","embeddable":true,"href":"https:\/\/catalogues.salvador-dali.org\/catalogues\/ca\/wp-json\/wp\/v2\/tags?post=311"}],"curies":[{"name":"wp","href":"https:\/\/api.w.org\/{rel}","templated":true}]}}